{"id":368,"date":"2023-06-12T10:14:11","date_gmt":"2023-06-12T08:14:11","guid":{"rendered":"https:\/\/www.domaine-de-la-capanaccia.com\/?page_id=368"},"modified":"2023-06-12T12:41:49","modified_gmt":"2023-06-12T10:41:49","slug":"mentions-legales","status":"publish","type":"page","link":"https:\/\/www.domaine-de-la-capanaccia.com\/nl\/juridische-kennisgeving\/","title":{"rendered":"Juridische kennisgeving"},"content":{"rendered":"<div data-elementor-type=\"wp-page\" data-elementor-id=\"368\" class=\"elementor elementor-368\" data-elementor-post-type=\"page\">\n\t\t\t\t\t\t<section class=\"elementor-section elementor-top-section elementor-element elementor-element-e379f6d elementor-section-boxed elementor-section-height-default elementor-section-height-default\" data-id=\"e379f6d\" data-element_type=\"section\" data-e-type=\"section\">\n\t\t\t\t\t\t<div class=\"elementor-container elementor-column-gap-wide\">\n\t\t\t\t\t<div class=\"elementor-column elementor-col-100 elementor-top-column elementor-element elementor-element-33165a1\" data-id=\"33165a1\" data-element_type=\"column\" data-e-type=\"column\">\n\t\t\t<div class=\"elementor-widget-wrap elementor-element-populated\">\n\t\t\t\t\t\t<div class=\"elementor-element elementor-element-5a5a037 elementor-widget elementor-widget-heading\" data-id=\"5a5a037\" data-element_type=\"widget\" data-e-type=\"widget\" data-widget_type=\"heading.default\">\n\t\t\t\t<div class=\"elementor-widget-container\">\n\t\t\t\t\t<h1 class=\"elementor-heading-title elementor-size-default\">Juridische kennisgeving<\/h1>\t\t\t\t<\/div>\n\t\t\t\t<\/div>\n\t\t\t\t<div class=\"elementor-element elementor-element-d944434 elementor-widget-divider--separator-type-pattern elementor-widget-divider--no-spacing elementor-widget-divider--view-line elementor-widget elementor-widget-divider\" data-id=\"d944434\" data-element_type=\"widget\" data-e-type=\"widget\" data-widget_type=\"divider.default\">\n\t\t\t\t<div class=\"elementor-widget-container\">\n\t\t\t\t\t\t\t<div class=\"elementor-divider\" style=\"--divider-pattern-url: url(&quot;data:image\/svg+xml,%3Csvg xmlns=&#039;http:\/\/www.w3.org\/2000\/svg&#039; preserveAspectRatio=&#039;xMidYMid meet&#039; overflow=&#039;visible&#039; height=&#039;100%&#039; viewBox=&#039;0 0 126 26&#039; fill=&#039;black&#039; stroke=&#039;none&#039;%3E%3Cpath d=&#039;M3,10.2c2.6,0,2.6,2,2.6,3.2S4.4,16.5,3,16.5s-3-1.4-3-3.2S0.4,10.2,3,10.2z M18.8,10.2c1.7,0,3.2,1.4,3.2,3.2s-1.4,3.2-3.2,3.2c-1.7,0-3.2-1.4-3.2-3.2S17,10.2,18.8,10.2z M34.6,10.2c1.5,0,2.6,1.4,2.6,3.2s-0.5,3.2-1.9,3.2c-1.5,0-3.4-1.4-3.4-3.2S33.1,10.2,34.6,10.2z M50.5,10.2c1.7,0,3.2,1.4,3.2,3.2s-1.4,3.2-3.2,3.2c-1.7,0-3.3-0.9-3.3-2.6S48.7,10.2,50.5,10.2z M66.2,10.2c1.5,0,3.4,1.4,3.4,3.2s-1.9,3.2-3.4,3.2c-1.5,0-2.6-0.4-2.6-2.1S64.8,10.2,66.2,10.2z M82.2,10.2c1.7,0.8,2.6,1.4,2.6,3.2s-0.1,3.2-1.6,3.2c-1.5,0-3.7-1.4-3.7-3.2S80.5,9.4,82.2,10.2zM98.6,10.2c1.5,0,2.6,0.4,2.6,2.1s-1.2,4.2-2.6,4.2c-1.5,0-3.7-0.4-3.7-2.1S97.1,10.2,98.6,10.2z M113.4,10.2c1.2,0,2.2,0.9,2.2,3.2s-0.1,3.2-1.3,3.2s-3.1-1.4-3.1-3.2S112.2,10.2,113.4,10.2z&#039;\/%3E%3C\/svg%3E&quot;);\">\n\t\t\t<span class=\"elementor-divider-separator\">\n\t\t\t\t\t\t<\/span>\n\t\t<\/div>\n\t\t\t\t\t\t<\/div>\n\t\t\t\t<\/div>\n\t\t\t\t<div class=\"elementor-element elementor-element-2de944c elementor-widget__width-initial elementor-widget elementor-widget-text-editor\" data-id=\"2de944c\" data-element_type=\"widget\" data-e-type=\"widget\" data-widget_type=\"text-editor.default\">\n\t\t\t\t<div class=\"elementor-widget-container\">\n\t\t\t\t\t\t\t\t\t<h2>1 \u2013 Presentatie van de site<\/h2>\n<p>Krachtens artikel 6 van wet nr. 2004-575 van 21 juni 2004 betreffende het vertrouwen in de digitale economie, worden gebruikers van de site www.domaine-de-la-capanaccia.com ge\u00efnformeerd over de identiteit van verschillende belanghebbenden in het kader van haar implementatie en monitoring:<\/p>\n<p>Eigenaar en publicatiemanager: Marc Riedinger \u2013 11 Rue Daumier, 13008 Marseille, Frankrijk \u2013 (contact[!at]domaine-de-la-capanaccia.com, +33 7 67 24 64 76)<\/p>\n<p>Host: OVHcloud \u2013 2 Rue Kellermann, 59053 Roubaix, Frankrijk<\/p>\n<h2>2 \u2013 Algemene gebruiksvoorwaarden van de site en de aangeboden diensten<\/h2>\n<p>Het gebruik van de site www.domaine-de-la-capanaccia.com impliceert de volledige aanvaarding van de hieronder beschreven algemene gebruiksvoorwaarden. Deze gebruiksvoorwaarden kunnen op elk moment worden gewijzigd of aangevuld. Gebruikers van de site www.domaine-de-la-capanaccia.com worden daarom uitgenodigd om ze regelmatig te raadplegen.<\/p>\n<p>Deze site is normaal gesproken op elk moment toegankelijk voor gebruikers. Een onderbreking wegens technisch onderhoud kan echter worden beslist door domaine-de-la-capanaccia.com, die zich dan zal inspannen om de gebruikers te informeren v\u00f3\u00f3r de data en tijden van de interventie.<\/p>\n<p>De site www.domaine-de-la-capanaccia.com wordt regelmatig bijgewerkt door domaine-de-la-capanaccia.com. Op dezelfde manier kunnen de wettelijke vermeldingen op elk moment worden gewijzigd: ze dringen zich niettemin op aan de gebruiker die wordt uitgenodigd om er zo vaak mogelijk naar te verwijzen om er vertrouwd mee te raken.<\/p>\n<h2>3 \u2013 Beschrijving van de geleverde diensten<\/h2>\n<p>Het doel van de site www.domaine-de-la-capanaccia.com is om informatie te verstrekken over alle activiteiten van het bedrijf.<\/p>\n<p>domaine-de-la-capanaccia.com streeft ernaar de website www.domaine-de-la-capanaccia.com te voorzien van zo nauwkeurig mogelijke informatie. Het kan echter niet verantwoordelijk worden gehouden voor weglatingen, onnauwkeurigheden en tekortkomingen in de update, noch door haarzelf, noch door externe partners die haar deze informatie verstrekken.<\/p>\n<p>Alle informatie op de site www.domaine-de-la-capanaccia.com wordt gegeven als indicatie en kan nog evolueren. Bovendien is de informatie op de site www.domaine-de-la-capanaccia.com niet volledig. Ze worden gegeven onder voorbehoud van wijzigingen sinds ze online zijn gezet.<\/p>\n<h2>4 \u2013 Contractuele beperkingen op technische gegevens<\/h2>\n<p>De site maakt gebruik van JavaScript-technologie.<\/p>\n<p>De website kan niet aansprakelijk worden gesteld voor materi\u00eble schade die verband houdt met het gebruik van de site. Bovendien stemt de gebruiker van de site ermee in om toegang te krijgen tot de site met behulp van recente apparatuur, die geen virussen bevat en met een bijgewerkte browser van de nieuwste generatie.<\/p>\n<h2>5 \u2013 Intellectuele eigendom en vervalsingen<\/h2>\n<p>domaine-de-la-capanaccia.com is de eigenaar van de intellectuele eigendomsrechten of bezit de gebruiksrechten op alle elementen die toegankelijk zijn op de site, met name de teksten, afbeeldingen, grafieken, logo&#039;s, iconen, geluiden, software.<\/p>\n<p>Elke reproductie, weergave, wijziging, publicatie, aanpassing van alle of een deel van de elementen van de site, ongeacht de gebruikte middelen of proc\u00e9d\u00e9s, is verboden, behalve met de voorafgaande schriftelijke toestemming van: domaine-de-la-capanaccia.com.<\/p>\n<p>Elk ongeoorloofd gebruik van de site of een van de elementen die deze bevat, wordt beschouwd als een inbreuk en wordt vervolgd in overeenstemming met de bepalingen van de artikelen L.335-2 en volgende van het Wetboek van Intellectuele Eigendom.<\/p>\n<h2>6 \u2013 Beperking van aansprakelijkheid<\/h2>\n<p>domaine-de-la-capanaccia.com kan niet aansprakelijk worden gesteld voor rechtstreekse of onrechtstreekse schade toegebracht aan de apparatuur van de gebruiker bij het bezoeken van de site www.domaine-de-la-capanaccia.com, en die voortvloeit uit het gebruik van apparatuur die niet voldoen aan de specificaties vermeld in punt 4, ofwel het uiterlijk van een bug of een incompatibiliteit.<\/p>\n<p>domaine-de-la-capanaccia.com kan ook niet aansprakelijk worden gesteld voor gevolgschade (zoals verlies van markt of gemiste kans) die voortvloeit uit het gebruik van de site www.domaine-de-la-capanaccia.com.<\/p>\n<p>Interactieve ruimtes (mogelijkheid om vragen te stellen in de contactruimte) zijn beschikbaar voor gebruikers. domaine-de-la-capanaccia.com behoudt zich het recht voor om zonder voorafgaande kennisgeving alle in deze ruimte geplaatste inhoud te verwijderen die in strijd zou zijn met de in Frankrijk geldende wetgeving, met name de bepalingen met betrekking tot gegevensbescherming. Indien nodig behoudt domaine-de-la-capanaccia.com zich ook het recht voor om de burgerlijke en\/of strafrechtelijke aansprakelijkheid van de gebruiker in twijfel te trekken, met name in geval van een racistische, beledigende, lasterlijke of pornografische boodschap, ongeacht het gebruikte medium ( tekst, foto, enz.).<\/p>\n<h2>7 \u2013 Beheer van persoonsgegevens<\/h2>\n<p>In Frankrijk worden persoonsgegevens met name beschermd door wet nr. 78-87 van 6 januari 1978, wet nr. 2004-801 van 6 augustus 2004, artikel L. 226-13 van het wetboek van strafrecht en de Europese richtlijn van 24 oktober , 1995.<\/p>\n<p>Bij gebruik van de site www.domaine-de-la-capanaccia.com kan het volgende worden verzameld: de URL van de links waarmee de gebruiker toegang heeft gekregen tot de site www.domaine-de-la-capanaccia.com, de toegangsprovider van de gebruiker , het Internet Protocol (IP)-adres van de gebruiker.<\/p>\n<p>In elk geval verzamelt domaine-de-la-capanaccia.com alleen persoonlijke informatie met betrekking tot de gebruiker ten behoeve van bepaalde diensten die worden aangeboden door de site www.domaine-de-la-capanaccia.com. De gebruiker verstrekt deze informatie met volledige kennis van zaken, in het bijzonder wanneer hij deze zelf invoert. Vervolgens wordt aan de gebruiker van de site www.domaine-de-la-capanaccia.com de verplichting gespecificeerd om deze informatie al dan niet te verstrekken.<\/p>\n<p>In overeenstemming met de bepalingen van de artikelen 38 en volgende van de wet 78-17 van 6 januari 1978 met betrekking tot gegevensverwerking, bestanden en vrijheden, heeft elke gebruiker recht op toegang, rectificatie en verzet tegen persoonlijke gegevens die op hem betrekking hebben, door zijn schriftelijke en ondertekende aanvraag, vergezeld van een kopie van het identiteitsbewijs met handtekening van de houder van het document, met vermelding van het adres waarnaar het antwoord moet worden gestuurd.<\/p>\n<p>Geen enkele persoonlijke informatie van de gebruiker van de site www.domaine-de-la-capanaccia.com wordt gepubliceerd zonder medeweten van de gebruiker, uitgewisseld, overgedragen, toegewezen of verkocht op welk medium dan ook aan derden. Alleen de hypothese van de aankoop van domaine-de-la-capanaccia.com en zijn rechten zou de overdracht van genoemde informatie aan de potenti\u00eble koper mogelijk maken, die op zijn beurt gebonden zou zijn aan dezelfde verplichting om gegevens op te slaan en te wijzigen met betrekking tot de gebruiker van de site www.domaine-de-la-capanaccia.com.<\/p>\n<p>De databanken worden beschermd door de bepalingen van de wet van 1 juli 1998 tot omzetting van richtlijn 96\/9 van 11 maart 1996 betreffende de rechtsbescherming van databanken.<\/p>\n<h2>8 \u2013 Hypertekstlinks en cookies<\/h2>\n<p>De site www.domaine-de-la-capanaccia.com bevat een aantal hyperlinks naar andere sites, opgezet met toestemming van domaine-de-la-capanaccia.com. Domaine-de-la-capanaccia.com heeft echter niet de mogelijkheid om de inhoud van de aldus bezochte sites te verifi\u00ebren en aanvaardt daarom geen verantwoordelijkheid voor dit feit.<\/p>\n<p>Het surfen op de site www.domaine-de-la-capanaccia.com veroorzaakt waarschijnlijk de installatie van cookie(s) op de computer van de gebruiker. Een cookie is een klein bestand dat de identificatie van de gebruiker niet mogelijk maakt, maar dat informatie registreert met betrekking tot de navigatie van een computer op een site. De aldus verkregen gegevens zijn bedoeld om latere navigatie op de site te vergemakkelijken en zijn ook bedoeld om verschillende aanwezigheidsmetingen mogelijk te maken.<\/p>\n<p>Weigering om een cookie te installeren kan het onmogelijk maken om toegang te krijgen tot bepaalde diensten. De gebruiker kan zijn computer echter als volgt configureren om de installatie van cookies te weigeren:<\/p>\n<p>Onder Internet Explorer: tooltab (pictogram in de vorm van een tandwiel rechtsboven) \/ internetopties. Klik op Privacy en kies Alle cookies blokkeren. Valideer op OK.<\/p>\n<p>Onder Firefox: klik bovenaan het browservenster op de Firefox-knop en ga vervolgens naar het tabblad Opties. Klik op het tabblad Privacy. Stel de bewaarregels in op: gebruik aangepaste instellingen voor geschiedenis. Vink het ten slotte uit om cookies uit te schakelen.<\/p>\n<p>Onder Safari: Klik rechtsboven in de browser op het menu-icoon (gesymboliseerd door een tandwiel). Selecteer Instellingen. Klik op Toon geavanceerde instellingen. Klik in het gedeelte &quot;Privacy&quot; op Inhoudsinstellingen. In het gedeelte &quot;Cookies&quot; kunt u cookies blokkeren.<\/p>\n<p>In Chrome: Klik rechtsboven in de browser op het menu-icoon (gesymboliseerd door drie horizontale streepjes). Selecteer Instellingen. Klik op Toon geavanceerde instellingen. Klik in het gedeelte &quot;Privacy&quot; op voorkeuren. In het tabblad &quot;Privacy&quot; kunt u cookies blokkeren.<\/p>\n<h2>9 \u2013 Toepasselijk recht en bevoegdheidsverdeling<\/h2>\n<p>Elk geschil in verband met het gebruik van de site www.domaine-de-la-capanaccia.com valt onder het Franse recht. Het is gemaakt exclusieve toewijzing van jurisdictie aan de bevoegde rechtbanken van Marseille.<\/p>\n<h2>10 \u2013 De belangrijkste betrokken wetten<\/h2>\n<p>Wet nr. 78-17 van 6 januari 1978, met name gewijzigd door wet nr. 2004-801 van 6 augustus 2004 met betrekking tot informatica, bestanden en vrijheden.<\/p>\n<p>Wet nr. 2004-575 van 21 juni 2004 voor het vertrouwen in de digitale economie.<\/p>\n<h2>11 \u2013 Woordenlijst<\/h2>\n<p>Gebruiker: internetgebruiker die verbinding maakt via de bovengenoemde site.<\/p>\n<p>Persoonlijke informatie: \u201cinformatie die, in welke vorm dan ook, direct of indirect, de identificatie mogelijk maakt van de natuurlijke personen op wie ze van toepassing is\u201d (artikel 4 van wet nr. 78-17 van 6 januari 1978).<\/p>\t\t\t\t\t\t\t\t<\/div>\n\t\t\t\t<\/div>\n\t\t\t\t\t<\/div>\n\t\t<\/div>\n\t\t\t\t\t<\/div>\n\t\t<\/section>\n\t\t\t\t<\/div>","protected":false},"excerpt":{"rendered":"<p>Mentions l\u00e9gales 1 \u2013 Pr\u00e9sentation du site En vertu de l\u2019article 6 de la loi n\u00b0 2004-575 du 21 juin 2004 pour la confiance dans l\u2019\u00e9conomie num\u00e9rique, il est pr\u00e9cis\u00e9 aux utilisateurs du site www.domaine-de-la-capanaccia.com l\u2019identit\u00e9 des diff\u00e9rents intervenants dans le cadre de sa r\u00e9alisation et de son suivi : Propri\u00e9taire et responsable de publication [&hellip;]<\/p>","protected":false},"author":2,"featured_media":0,"parent":0,"menu_order":0,"comment_status":"closed","ping_status":"closed","template":"elementor_header_footer","meta":{"footnotes":""},"class_list":["post-368","page","type-page","status-publish","hentry"],"yoast_head":"<!-- This site is optimized with the Yoast SEO plugin v27.4 - https:\/\/yoast.com\/product\/yoast-seo-wordpress\/ -->\n<title>Mentions l\u00e9gales - Domaine de la Capanaccia<\/title>\n<meta name=\"robots\" content=\"noindex, follow\" \/>\n<meta property=\"og:locale\" content=\"nl_NL\" \/>\n<meta property=\"og:type\" content=\"article\" \/>\n<meta property=\"og:title\" content=\"Mentions l\u00e9gales - Domaine de la Capanaccia\" \/>\n<meta property=\"og:description\" content=\"Mentions l\u00e9gales 1 \u2013 Pr\u00e9sentation du site En vertu de l\u2019article 6 de la loi n\u00b0 2004-575 du 21 juin 2004 pour la confiance dans l\u2019\u00e9conomie num\u00e9rique, il est pr\u00e9cis\u00e9 aux utilisateurs du site www.domaine-de-la-capanaccia.com l\u2019identit\u00e9 des diff\u00e9rents intervenants dans le cadre de sa r\u00e9alisation et de son suivi : Propri\u00e9taire et responsable de publication [&hellip;]\" \/>\n<meta property=\"og:url\" content=\"https:\/\/www.domaine-de-la-capanaccia.com\/nl\/juridische-kennisgeving\/\" \/>\n<meta property=\"og:site_name\" content=\"Domaine de la Capanaccia\" \/>\n<meta property=\"article:modified_time\" content=\"2023-06-12T10:41:49+00:00\" \/>\n<meta property=\"og:image\" content=\"https:\/\/www.domaine-de-la-capanaccia.com\/wp-content\/uploads\/2023\/06\/domaine-de-la-capanaccia-thumbnail.jpg\" \/>\n\t<meta property=\"og:image:width\" content=\"1200\" \/>\n\t<meta property=\"og:image:height\" content=\"675\" \/>\n\t<meta property=\"og:image:type\" content=\"image\/jpeg\" \/>\n<meta name=\"twitter:card\" content=\"summary_large_image\" \/>\n<meta name=\"twitter:label1\" content=\"Geschatte leestijd\" \/>\n\t<meta name=\"twitter:data1\" content=\"8 minuten\" \/>\n<script type=\"application\/ld+json\" class=\"yoast-schema-graph\">{\"@context\":\"https:\\\/\\\/schema.org\",\"@graph\":[{\"@type\":\"WebPage\",\"@id\":\"https:\\\/\\\/www.domaine-de-la-capanaccia.com\\\/mentions-legales\\\/\",\"url\":\"https:\\\/\\\/www.domaine-de-la-capanaccia.com\\\/mentions-legales\\\/\",\"name\":\"Mentions l\u00e9gales - Domaine de la Capanaccia\",\"isPartOf\":{\"@id\":\"https:\\\/\\\/www.domaine-de-la-capanaccia.com\\\/#website\"},\"datePublished\":\"2023-06-12T08:14:11+00:00\",\"dateModified\":\"2023-06-12T10:41:49+00:00\",\"breadcrumb\":{\"@id\":\"https:\\\/\\\/www.domaine-de-la-capanaccia.com\\\/mentions-legales\\\/#breadcrumb\"},\"inLanguage\":\"nl-NL\",\"potentialAction\":[{\"@type\":\"ReadAction\",\"target\":[\"https:\\\/\\\/www.domaine-de-la-capanaccia.com\\\/mentions-legales\\\/\"]}]},{\"@type\":\"BreadcrumbList\",\"@id\":\"https:\\\/\\\/www.domaine-de-la-capanaccia.com\\\/mentions-legales\\\/#breadcrumb\",\"itemListElement\":[{\"@type\":\"ListItem\",\"position\":1,\"name\":\"Accueil\",\"item\":\"https:\\\/\\\/www.domaine-de-la-capanaccia.com\\\/\"},{\"@type\":\"ListItem\",\"position\":2,\"name\":\"Mentions l\u00e9gales\"}]},{\"@type\":\"WebSite\",\"@id\":\"https:\\\/\\\/www.domaine-de-la-capanaccia.com\\\/#website\",\"url\":\"https:\\\/\\\/www.domaine-de-la-capanaccia.com\\\/\",\"name\":\"Domaine de la Capanaccia\",\"description\":\"\",\"publisher\":{\"@id\":\"https:\\\/\\\/www.domaine-de-la-capanaccia.com\\\/#organization\"},\"potentialAction\":[{\"@type\":\"SearchAction\",\"target\":{\"@type\":\"EntryPoint\",\"urlTemplate\":\"https:\\\/\\\/www.domaine-de-la-capanaccia.com\\\/?s={search_term_string}\"},\"query-input\":{\"@type\":\"PropertyValueSpecification\",\"valueRequired\":true,\"valueName\":\"search_term_string\"}}],\"inLanguage\":\"nl-NL\"},{\"@type\":\"Organization\",\"@id\":\"https:\\\/\\\/www.domaine-de-la-capanaccia.com\\\/#organization\",\"name\":\"Domaine de la Capanaccia\",\"url\":\"https:\\\/\\\/www.domaine-de-la-capanaccia.com\\\/\",\"logo\":{\"@type\":\"ImageObject\",\"inLanguage\":\"nl-NL\",\"@id\":\"https:\\\/\\\/www.domaine-de-la-capanaccia.com\\\/#\\\/schema\\\/logo\\\/image\\\/\",\"url\":\"https:\\\/\\\/www.domaine-de-la-capanaccia.com\\\/wp-content\\\/uploads\\\/2023\\\/06\\\/domaine-de-la-capanaccia-logotype.svg\",\"contentUrl\":\"https:\\\/\\\/www.domaine-de-la-capanaccia.com\\\/wp-content\\\/uploads\\\/2023\\\/06\\\/domaine-de-la-capanaccia-logotype.svg\",\"width\":1,\"height\":1,\"caption\":\"Domaine de la Capanaccia\"},\"image\":{\"@id\":\"https:\\\/\\\/www.domaine-de-la-capanaccia.com\\\/#\\\/schema\\\/logo\\\/image\\\/\"}}]}<\/script>\n<!-- \/ Yoast SEO plugin. -->","yoast_head_json":{"title":"Mentions l\u00e9gales - Domaine de la Capanaccia","robots":{"index":"noindex","follow":"follow"},"og_locale":"nl_NL","og_type":"article","og_title":"Mentions l\u00e9gales - Domaine de la Capanaccia","og_description":"Mentions l\u00e9gales 1 \u2013 Pr\u00e9sentation du site En vertu de l\u2019article 6 de la loi n\u00b0 2004-575 du 21 juin 2004 pour la confiance dans l\u2019\u00e9conomie num\u00e9rique, il est pr\u00e9cis\u00e9 aux utilisateurs du site www.domaine-de-la-capanaccia.com l\u2019identit\u00e9 des diff\u00e9rents intervenants dans le cadre de sa r\u00e9alisation et de son suivi : Propri\u00e9taire et responsable de publication [&hellip;]","og_url":"https:\/\/www.domaine-de-la-capanaccia.com\/nl\/juridische-kennisgeving\/","og_site_name":"Domaine de la Capanaccia","article_modified_time":"2023-06-12T10:41:49+00:00","og_image":[{"width":1200,"height":675,"url":"https:\/\/www.domaine-de-la-capanaccia.com\/wp-content\/uploads\/2023\/06\/domaine-de-la-capanaccia-thumbnail.jpg","type":"image\/jpeg"}],"twitter_card":"summary_large_image","twitter_misc":{"Geschatte leestijd":"8 minuten"},"schema":{"@context":"https:\/\/schema.org","@graph":[{"@type":"WebPage","@id":"https:\/\/www.domaine-de-la-capanaccia.com\/mentions-legales\/","url":"https:\/\/www.domaine-de-la-capanaccia.com\/mentions-legales\/","name":"Mentions l\u00e9gales - Domaine de la Capanaccia","isPartOf":{"@id":"https:\/\/www.domaine-de-la-capanaccia.com\/#website"},"datePublished":"2023-06-12T08:14:11+00:00","dateModified":"2023-06-12T10:41:49+00:00","breadcrumb":{"@id":"https:\/\/www.domaine-de-la-capanaccia.com\/mentions-legales\/#breadcrumb"},"inLanguage":"nl-NL","potentialAction":[{"@type":"ReadAction","target":["https:\/\/www.domaine-de-la-capanaccia.com\/mentions-legales\/"]}]},{"@type":"BreadcrumbList","@id":"https:\/\/www.domaine-de-la-capanaccia.com\/mentions-legales\/#breadcrumb","itemListElement":[{"@type":"ListItem","position":1,"name":"Accueil","item":"https:\/\/www.domaine-de-la-capanaccia.com\/"},{"@type":"ListItem","position":2,"name":"Mentions l\u00e9gales"}]},{"@type":"WebSite","@id":"https:\/\/www.domaine-de-la-capanaccia.com\/#website","url":"https:\/\/www.domaine-de-la-capanaccia.com\/","name":"Domaine de la Capanaccia","description":"","publisher":{"@id":"https:\/\/www.domaine-de-la-capanaccia.com\/#organization"},"potentialAction":[{"@type":"SearchAction","target":{"@type":"EntryPoint","urlTemplate":"https:\/\/www.domaine-de-la-capanaccia.com\/?s={search_term_string}"},"query-input":{"@type":"PropertyValueSpecification","valueRequired":true,"valueName":"search_term_string"}}],"inLanguage":"nl-NL"},{"@type":"Organization","@id":"https:\/\/www.domaine-de-la-capanaccia.com\/#organization","name":"Domaine de la Capanaccia","url":"https:\/\/www.domaine-de-la-capanaccia.com\/","logo":{"@type":"ImageObject","inLanguage":"nl-NL","@id":"https:\/\/www.domaine-de-la-capanaccia.com\/#\/schema\/logo\/image\/","url":"https:\/\/www.domaine-de-la-capanaccia.com\/wp-content\/uploads\/2023\/06\/domaine-de-la-capanaccia-logotype.svg","contentUrl":"https:\/\/www.domaine-de-la-capanaccia.com\/wp-content\/uploads\/2023\/06\/domaine-de-la-capanaccia-logotype.svg","width":1,"height":1,"caption":"Domaine de la Capanaccia"},"image":{"@id":"https:\/\/www.domaine-de-la-capanaccia.com\/#\/schema\/logo\/image\/"}}]}},"_links":{"self":[{"href":"https:\/\/www.domaine-de-la-capanaccia.com\/nl\/wp-json\/wp\/v2\/pages\/368","targetHints":{"allow":["GET"]}}],"collection":[{"href":"https:\/\/www.domaine-de-la-capanaccia.com\/nl\/wp-json\/wp\/v2\/pages"}],"about":[{"href":"https:\/\/www.domaine-de-la-capanaccia.com\/nl\/wp-json\/wp\/v2\/types\/page"}],"author":[{"embeddable":true,"href":"https:\/\/www.domaine-de-la-capanaccia.com\/nl\/wp-json\/wp\/v2\/users\/2"}],"replies":[{"embeddable":true,"href":"https:\/\/www.domaine-de-la-capanaccia.com\/nl\/wp-json\/wp\/v2\/comments?post=368"}],"version-history":[{"count":8,"href":"https:\/\/www.domaine-de-la-capanaccia.com\/nl\/wp-json\/wp\/v2\/pages\/368\/revisions"}],"predecessor-version":[{"id":442,"href":"https:\/\/www.domaine-de-la-capanaccia.com\/nl\/wp-json\/wp\/v2\/pages\/368\/revisions\/442"}],"wp:attachment":[{"href":"https:\/\/www.domaine-de-la-capanaccia.com\/nl\/wp-json\/wp\/v2\/media?parent=368"}],"curies":[{"name":"wp","href":"https:\/\/api.w.org\/{rel}","templated":true}]}}