{"id":368,"date":"2023-06-12T10:14:11","date_gmt":"2023-06-12T08:14:11","guid":{"rendered":"https:\/\/www.domaine-de-la-capanaccia.com\/?page_id=368"},"modified":"2023-06-12T12:41:49","modified_gmt":"2023-06-12T10:41:49","slug":"mentions-legales","status":"publish","type":"page","link":"https:\/\/www.domaine-de-la-capanaccia.com\/it\/avviso-legale\/","title":{"rendered":"Avviso legale"},"content":{"rendered":"<div data-elementor-type=\"wp-page\" data-elementor-id=\"368\" class=\"elementor elementor-368\" data-elementor-post-type=\"page\">\n\t\t\t\t\t\t<section class=\"elementor-section elementor-top-section elementor-element elementor-element-e379f6d elementor-section-boxed elementor-section-height-default elementor-section-height-default\" data-id=\"e379f6d\" data-element_type=\"section\" data-e-type=\"section\">\n\t\t\t\t\t\t<div class=\"elementor-container elementor-column-gap-wide\">\n\t\t\t\t\t<div class=\"elementor-column elementor-col-100 elementor-top-column elementor-element elementor-element-33165a1\" data-id=\"33165a1\" data-element_type=\"column\" data-e-type=\"column\">\n\t\t\t<div class=\"elementor-widget-wrap elementor-element-populated\">\n\t\t\t\t\t\t<div class=\"elementor-element elementor-element-5a5a037 elementor-widget elementor-widget-heading\" data-id=\"5a5a037\" data-element_type=\"widget\" data-e-type=\"widget\" data-widget_type=\"heading.default\">\n\t\t\t\t<div class=\"elementor-widget-container\">\n\t\t\t\t\t<h1 class=\"elementor-heading-title elementor-size-default\">Avviso legale<\/h1>\t\t\t\t<\/div>\n\t\t\t\t<\/div>\n\t\t\t\t<div class=\"elementor-element elementor-element-d944434 elementor-widget-divider--separator-type-pattern elementor-widget-divider--no-spacing elementor-widget-divider--view-line elementor-widget elementor-widget-divider\" data-id=\"d944434\" data-element_type=\"widget\" data-e-type=\"widget\" data-widget_type=\"divider.default\">\n\t\t\t\t<div class=\"elementor-widget-container\">\n\t\t\t\t\t\t\t<div class=\"elementor-divider\" style=\"--divider-pattern-url: url(&quot;data:image\/svg+xml,%3Csvg xmlns=&#039;http:\/\/www.w3.org\/2000\/svg&#039; preserveAspectRatio=&#039;xMidYMid meet&#039; overflow=&#039;visible&#039; height=&#039;100%&#039; viewBox=&#039;0 0 126 26&#039; fill=&#039;black&#039; stroke=&#039;none&#039;%3E%3Cpath d=&#039;M3,10.2c2.6,0,2.6,2,2.6,3.2S4.4,16.5,3,16.5s-3-1.4-3-3.2S0.4,10.2,3,10.2z M18.8,10.2c1.7,0,3.2,1.4,3.2,3.2s-1.4,3.2-3.2,3.2c-1.7,0-3.2-1.4-3.2-3.2S17,10.2,18.8,10.2z M34.6,10.2c1.5,0,2.6,1.4,2.6,3.2s-0.5,3.2-1.9,3.2c-1.5,0-3.4-1.4-3.4-3.2S33.1,10.2,34.6,10.2z M50.5,10.2c1.7,0,3.2,1.4,3.2,3.2s-1.4,3.2-3.2,3.2c-1.7,0-3.3-0.9-3.3-2.6S48.7,10.2,50.5,10.2z M66.2,10.2c1.5,0,3.4,1.4,3.4,3.2s-1.9,3.2-3.4,3.2c-1.5,0-2.6-0.4-2.6-2.1S64.8,10.2,66.2,10.2z M82.2,10.2c1.7,0.8,2.6,1.4,2.6,3.2s-0.1,3.2-1.6,3.2c-1.5,0-3.7-1.4-3.7-3.2S80.5,9.4,82.2,10.2zM98.6,10.2c1.5,0,2.6,0.4,2.6,2.1s-1.2,4.2-2.6,4.2c-1.5,0-3.7-0.4-3.7-2.1S97.1,10.2,98.6,10.2z M113.4,10.2c1.2,0,2.2,0.9,2.2,3.2s-0.1,3.2-1.3,3.2s-3.1-1.4-3.1-3.2S112.2,10.2,113.4,10.2z&#039;\/%3E%3C\/svg%3E&quot;);\">\n\t\t\t<span class=\"elementor-divider-separator\">\n\t\t\t\t\t\t<\/span>\n\t\t<\/div>\n\t\t\t\t\t\t<\/div>\n\t\t\t\t<\/div>\n\t\t\t\t<div class=\"elementor-element elementor-element-2de944c elementor-widget__width-initial elementor-widget elementor-widget-text-editor\" data-id=\"2de944c\" data-element_type=\"widget\" data-e-type=\"widget\" data-widget_type=\"text-editor.default\">\n\t\t\t\t<div class=\"elementor-widget-container\">\n\t\t\t\t\t\t\t\t\t<h2>1 \u2013 Presentazione del sito<\/h2>\n<p>Ai sensi dell&#039;articolo 6 della legge n. 2004-575 del 21 giugno 2004 sulla fiducia nell&#039;economia digitale, gli utenti del sito www.domaine-de-la-capanaccia.com sono informati dell&#039;identit\u00e0 delle varie parti interessate nell&#039;ambito della sua implementazione e monitoraggio:<\/p>\n<p>Proprietario e responsabile della pubblicazione: Marc Riedinger \u2013 11 Rue Daumier, 13008 Marsiglia, Francia \u2013 (contact[!at]domaine-de-la-capanaccia.com, +33 7 67 24 64 76)<\/p>\n<p>Host: OVHcloud \u2013 2 Rue Kellermann, 59053 Roubaix, Francia<\/p>\n<h2>2 \u2013 Condizioni generali di utilizzo del sito e dei servizi offerti<\/h2>\n<p>L&#039;utilizzo del sito www.domaine-de-la-capanaccia.com implica l&#039;integrale accettazione delle condizioni generali d&#039;uso descritte di seguito. Le presenti condizioni d&#039;uso possono essere modificate o integrate in qualsiasi momento, si invitano pertanto gli utenti del sito www.domaine-de-la-capanaccia.com a consultarle regolarmente.<\/p>\n<p>Questo sito \u00e8 normalmente accessibile agli utenti in qualsiasi momento. Un&#039;interruzione dovuta a manutenzione tecnica pu\u00f2 tuttavia essere decisa da domaine-de-la-capanaccia.com, che si adoperer\u00e0 quindi per comunicare agli utenti prima le date e gli orari dell&#039;intervento.<\/p>\n<p>Il sito www.domaine-de-la-capanaccia.com \u00e8 aggiornato regolarmente da domaine-de-la-capanaccia.com. Allo stesso modo, le note legali possono essere modificate in qualsiasi momento: esse si impongono tuttavia all&#039;utente che \u00e8 invitato a farvi riferimento il pi\u00f9 spesso possibile per prenderne conoscenza.<\/p>\n<h2>3 \u2013 Descrizione dei servizi forniti<\/h2>\n<p>Lo scopo del sito www.domaine-de-la-capanaccia.com \u00e8 quello di fornire informazioni su tutte le attivit\u00e0 della societ\u00e0.<\/p>\n<p>domaine-de-la-capanaccia.com si impegna a fornire al sito web www.domaine-de-la-capanaccia.com informazioni quanto pi\u00f9 precise possibile. Tuttavia, non pu\u00f2 essere ritenuta responsabile per omissioni, inesattezze e carenze nell&#039;aggiornamento, n\u00e9 da parte sua n\u00e9 da parte dei partner terzi che le forniscono tali informazioni.<\/p>\n<p>Tutte le informazioni indicate sul sito www.domaine-de-la-capanaccia.com sono fornite a titolo indicativo e sono suscettibili di evoluzione. Inoltre, le informazioni sul sito www.domaine-de-la-capanaccia.com non sono esaustive. Sono forniti con riserva di modifiche apportate dal momento in cui sono stati messi online.<\/p>\n<h2>4 \u2013 Limitazioni contrattuali sui dati tecnici<\/h2>\n<p>Il sito utilizza la tecnologia JavaScript.<\/p>\n<p>Il sito web non pu\u00f2 essere ritenuto responsabile per danni materiali legati all&#039;uso del sito. Inoltre, l&#039;utente del sito si impegna ad accedere al sito utilizzando apparecchiature recenti, non contenenti virus e con un browser aggiornato di ultima generazione.<\/p>\n<h2>5 \u2013 Propriet\u00e0 intellettuale e contraffazioni<\/h2>\n<p>domaine-de-la-capanaccia.com \u00e8 titolare dei diritti di propriet\u00e0 intellettuale o detiene i diritti d&#039;uso su tutti gli elementi accessibili sul sito, in particolare i testi, le immagini, la grafica, il logo, le icone, i suoni, il software.<\/p>\n<p>Qualsiasi riproduzione, rappresentazione, modifica, pubblicazione, adattamento di tutti o parte degli elementi del sito, qualunque sia il mezzo o il processo utilizzato, \u00e8 vietata, salvo previa autorizzazione scritta di: domaine-de-la-capanaccia.com.<\/p>\n<p>Qualsiasi uso non autorizzato del sito o di uno qualsiasi degli elementi in esso contenuti sar\u00e0 considerato una violazione e perseguito ai sensi delle disposizioni degli articoli L.335-2 e seguenti del Codice della Propriet\u00e0 Intellettuale.<\/p>\n<h2>6 \u2013 Limitazione di responsabilit\u00e0<\/h2>\n<p>domaine-de-la-capanaccia.com non pu\u00f2 essere ritenuta responsabile per danni diretti o indiretti causati all&#039;attrezzatura dell&#039;utente durante l&#039;accesso al sito www.domaine-de-la-capanaccia.com e derivanti dall&#039;uso di attrezzature che non soddisfano le specifiche indicate al punto 4, o la comparsa di un bug o un&#039;incompatibilit\u00e0.<\/p>\n<p>domaine-de-la-capanaccia.com non pu\u00f2 inoltre essere ritenuta responsabile per danni consequenziali (come perdita di mercato o perdita di opportunit\u00e0) derivanti dall&#039;utilizzo del sito www.domaine-de-la-capanaccia.com.<\/p>\n<p>Gli spazi interattivi (possibilit\u00e0 di porre domande nello spazio contatti) sono a disposizione degli utenti. domaine-de-la-capanaccia.com si riserva il diritto di eliminare, senza preavviso, qualsiasi contenuto pubblicato in questo spazio che contravvenga alla legislazione applicabile in Francia, in particolare alle disposizioni relative alla protezione dei dati. Se necessario, domaine-de-la-capanaccia.com si riserva inoltre il diritto di mettere in discussione la responsabilit\u00e0 civile e\/o penale dell&#039;utente, in particolare in caso di messaggio razzista, offensivo, diffamatorio o pornografico, qualunque sia il mezzo utilizzato ( testo, fotografia, ecc.).<\/p>\n<h2>7 \u2013 Gestione dei dati personali<\/h2>\n<p>In Francia, i dati personali sono particolarmente protetti dalla legge n\u00b0 78-87 del 6 gennaio 1978, dalla legge n\u00b0 2004-801 del 6 agosto 2004, dall&#039;articolo L. 226-13 del codice penale e dalla direttiva europea del 24 ottobre , 1995.<\/p>\n<p>Quando si utilizza il sito www.domaine-de-la-capanaccia.com, possono essere raccolti: l&#039;URL dei collegamenti attraverso i quali l&#039;utente ha avuto accesso al sito www.domaine-de-la-capanaccia.com, il provider di accesso dell&#039;utente , l&#039;indirizzo IP (Internet Protocol) dell&#039;utente.<\/p>\n<p>In ogni caso, domaine-de-la-capanaccia.com raccoglie solo informazioni personali relative all&#039;utente ai fini di determinati servizi offerti dal sito www.domaine-de-la-capanaccia.com. L&#039;utente fornisce queste informazioni con cognizione di causa, in particolare quando le inserisce lui stesso. Viene quindi specificato all&#039;utente del sito www.domaine-de-la-capanaccia.com l&#039;obbligo o meno di fornire tali informazioni.<\/p>\n<p>In conformit\u00e0 con le disposizioni degli articoli 38 e seguenti della legge 78-17 del 6 gennaio 1978 relativa all&#039;informatica, ai file e alle libert\u00e0, tutti gli utenti hanno il diritto di accesso, rettifica e opposizione ai dati personali che lo riguardano, facendo il suo richiesta scritta e firmata, corredata di copia del documento di identit\u00e0 con firma dell&#039;intestatario del documento, specificando l&#039;indirizzo al quale inviare la risposta.<\/p>\n<p>Nessuna informazione personale dell&#039;utente del sito www.domaine-de-la-capanaccia.com viene pubblicata all&#039;insaputa dell&#039;utente, scambiata, trasferita, assegnata o venduta su qualsiasi supporto a terzi. Solo l&#039;ipotesi dell&#039;acquisto di domaine-de-la-capanaccia.com e dei suoi diritti consentirebbe la trasmissione di tali informazioni al potenziale acquirente che sarebbe a sua volta tenuto dal medesimo obbligo di conservare e modificare i dati rispetto a vis di l&#039;utente del sito www.domaine-de-la-capanaccia.com.<\/p>\n<p>Le banche dati sono protette dalle disposizioni della legge del 1\u00b0 luglio 1998 che recepisce la direttiva 96\/9 dell&#039;11 marzo 1996 relativa alla protezione giuridica delle banche dati.<\/p>\n<h2>8 \u2013 Collegamenti ipertestuali e cookie<\/h2>\n<p>Il sito www.domaine-de-la-capanaccia.com contiene un certo numero di collegamenti ipertestuali ad altri siti, istituiti con l&#039;autorizzazione di domaine-de-la-capanaccia.com. Tuttavia, domaine-de-la-capanaccia.com non ha la possibilit\u00e0 di verificare il contenuto dei siti cos\u00ec visitati, e quindi non si assume alcuna responsabilit\u00e0 per questo fatto.<\/p>\n<p>La navigazione nel sito www.domaine-de-la-capanaccia.com pu\u00f2 causare l&#039;installazione di cookie sul computer dell&#039;utente. Un cookie \u00e8 un file di piccole dimensioni, che non consente l&#039;identificazione dell&#039;utente, ma che registra informazioni relative alla navigazione di un computer su un sito. I dati cos\u00ec ottenuti hanno lo scopo di facilitare la successiva navigazione sul sito, e sono anche destinati a consentire varie misure di frequentazione.<\/p>\n<p>Il rifiuto all&#039;installazione di un cookie pu\u00f2 comportare l&#039;impossibilit\u00e0 di accedere ad alcuni servizi. Tuttavia, l&#039;utente pu\u00f2 configurare il proprio computer come segue per rifiutare l&#039;installazione dei cookie:<\/p>\n<p>Sotto Internet Explorer: scheda strumenti (pittogramma a forma di ingranaggio in alto a destra) \/ opzioni Internet. Fare clic su Privacy e selezionare Blocca tutti i cookie. Convalida su Ok.<\/p>\n<p>In Firefox: nella parte superiore della finestra del browser, fai clic sul pulsante Firefox, quindi vai alla scheda Opzioni. Fare clic sulla scheda Privacy. Imposta le regole di conservazione su: usa le impostazioni personalizzate per la cronologia. Infine deselezionalo per disabilitare i cookie.<\/p>\n<p>In Safari: clicca in alto a destra del browser sull&#039;icona del menu (simboleggiata da un ingranaggio). Seleziona Impostazioni. Fare clic su Mostra impostazioni avanzate. Nella sezione &quot;Privacy&quot;, clicca su Impostazioni contenuti. Nella sezione \u201cCookie\u201d \u00e8 possibile bloccare i cookie.<\/p>\n<p>In Chrome: fai clic in alto a destra del browser sull&#039;icona del menu (simboleggiata da tre linee orizzontali). Seleziona Impostazioni. Fare clic su Mostra impostazioni avanzate. Nella sezione &quot;Privacy&quot;, clicca su preferenze. Nella scheda &quot;Privacy&quot; puoi bloccare i cookie.<\/p>\n<h2>9 \u2013 Legge applicabile e attribuzione di giurisdizione<\/h2>\n<p>Qualsiasi controversia relativa all&#039;utilizzo del sito www.domaine-de-la-capanaccia.com \u00e8 soggetta al diritto francese. Viene fatta esclusiva attribuzione di giurisdizione ai tribunali competenti di Marsiglia.<\/p>\n<h2>10 \u2013 Le principali leggi interessate<\/h2>\n<p>Legge n\u00b0 78-17 del 6 gennaio 1978, modificata in particolare dalla legge n\u00b0 2004-801 del 6 agosto 2004 relativa all&#039;informatica, ai file e alle libert\u00e0.<\/p>\n<p>Legge n\u00b0 2004-575 del 21 giugno 2004 per la fiducia nell&#039;economia digitale.<\/p>\n<h2>11 \u2013 Glossario<\/h2>\n<p>Utente: utente Internet che si connette, utilizzando il suddetto sito.<\/p>\n<p>Dati personali: \u201cinformazioni che consentono, in qualsiasi forma, direttamente o indirettamente, l&#039;identificazione delle persone fisiche alle quali si applicano\u201d (articolo 4 della legge n. 78-17 del 6 gennaio 1978).<\/p>\t\t\t\t\t\t\t\t<\/div>\n\t\t\t\t<\/div>\n\t\t\t\t\t<\/div>\n\t\t<\/div>\n\t\t\t\t\t<\/div>\n\t\t<\/section>\n\t\t\t\t<\/div>","protected":false},"excerpt":{"rendered":"<p>Mentions l\u00e9gales 1 \u2013 Pr\u00e9sentation du site En vertu de l\u2019article 6 de la loi n\u00b0 2004-575 du 21 juin 2004 pour la confiance dans l\u2019\u00e9conomie num\u00e9rique, il est pr\u00e9cis\u00e9 aux utilisateurs du site www.domaine-de-la-capanaccia.com l\u2019identit\u00e9 des diff\u00e9rents intervenants dans le cadre de sa r\u00e9alisation et de son suivi : Propri\u00e9taire et responsable de publication [&hellip;]<\/p>","protected":false},"author":2,"featured_media":0,"parent":0,"menu_order":0,"comment_status":"closed","ping_status":"closed","template":"elementor_header_footer","meta":{"footnotes":""},"class_list":["post-368","page","type-page","status-publish","hentry"],"yoast_head":"<!-- This site is optimized with the Yoast SEO plugin v27.5 - https:\/\/yoast.com\/product\/yoast-seo-wordpress\/ -->\n<title>Mentions l\u00e9gales - Domaine de la Capanaccia<\/title>\n<meta name=\"robots\" content=\"noindex, follow\" \/>\n<meta property=\"og:locale\" content=\"it_IT\" \/>\n<meta property=\"og:type\" content=\"article\" \/>\n<meta property=\"og:title\" content=\"Mentions l\u00e9gales - Domaine de la Capanaccia\" \/>\n<meta property=\"og:description\" content=\"Mentions l\u00e9gales 1 \u2013 Pr\u00e9sentation du site En vertu de l\u2019article 6 de la loi n\u00b0 2004-575 du 21 juin 2004 pour la confiance dans l\u2019\u00e9conomie num\u00e9rique, il est pr\u00e9cis\u00e9 aux utilisateurs du site www.domaine-de-la-capanaccia.com l\u2019identit\u00e9 des diff\u00e9rents intervenants dans le cadre de sa r\u00e9alisation et de son suivi : Propri\u00e9taire et responsable de publication [&hellip;]\" \/>\n<meta property=\"og:url\" content=\"https:\/\/www.domaine-de-la-capanaccia.com\/it\/avviso-legale\/\" \/>\n<meta property=\"og:site_name\" content=\"Domaine de la Capanaccia\" \/>\n<meta property=\"article:modified_time\" content=\"2023-06-12T10:41:49+00:00\" \/>\n<meta property=\"og:image\" content=\"https:\/\/www.domaine-de-la-capanaccia.com\/wp-content\/uploads\/2023\/06\/domaine-de-la-capanaccia-thumbnail.jpg\" \/>\n\t<meta property=\"og:image:width\" content=\"1200\" \/>\n\t<meta property=\"og:image:height\" content=\"675\" \/>\n\t<meta property=\"og:image:type\" content=\"image\/jpeg\" \/>\n<meta name=\"twitter:card\" content=\"summary_large_image\" \/>\n<meta name=\"twitter:label1\" content=\"Tempo di lettura stimato\" \/>\n\t<meta name=\"twitter:data1\" content=\"8 minuti\" \/>\n<script type=\"application\/ld+json\" class=\"yoast-schema-graph\">{\"@context\":\"https:\\\/\\\/schema.org\",\"@graph\":[{\"@type\":\"WebPage\",\"@id\":\"https:\\\/\\\/www.domaine-de-la-capanaccia.com\\\/mentions-legales\\\/\",\"url\":\"https:\\\/\\\/www.domaine-de-la-capanaccia.com\\\/mentions-legales\\\/\",\"name\":\"Mentions l\u00e9gales - Domaine de la Capanaccia\",\"isPartOf\":{\"@id\":\"https:\\\/\\\/www.domaine-de-la-capanaccia.com\\\/#website\"},\"datePublished\":\"2023-06-12T08:14:11+00:00\",\"dateModified\":\"2023-06-12T10:41:49+00:00\",\"breadcrumb\":{\"@id\":\"https:\\\/\\\/www.domaine-de-la-capanaccia.com\\\/mentions-legales\\\/#breadcrumb\"},\"inLanguage\":\"it-IT\",\"potentialAction\":[{\"@type\":\"ReadAction\",\"target\":[\"https:\\\/\\\/www.domaine-de-la-capanaccia.com\\\/mentions-legales\\\/\"]}]},{\"@type\":\"BreadcrumbList\",\"@id\":\"https:\\\/\\\/www.domaine-de-la-capanaccia.com\\\/mentions-legales\\\/#breadcrumb\",\"itemListElement\":[{\"@type\":\"ListItem\",\"position\":1,\"name\":\"Accueil\",\"item\":\"https:\\\/\\\/www.domaine-de-la-capanaccia.com\\\/\"},{\"@type\":\"ListItem\",\"position\":2,\"name\":\"Mentions l\u00e9gales\"}]},{\"@type\":\"WebSite\",\"@id\":\"https:\\\/\\\/www.domaine-de-la-capanaccia.com\\\/#website\",\"url\":\"https:\\\/\\\/www.domaine-de-la-capanaccia.com\\\/\",\"name\":\"Domaine de la Capanaccia\",\"description\":\"\",\"publisher\":{\"@id\":\"https:\\\/\\\/www.domaine-de-la-capanaccia.com\\\/#organization\"},\"potentialAction\":[{\"@type\":\"SearchAction\",\"target\":{\"@type\":\"EntryPoint\",\"urlTemplate\":\"https:\\\/\\\/www.domaine-de-la-capanaccia.com\\\/?s={search_term_string}\"},\"query-input\":{\"@type\":\"PropertyValueSpecification\",\"valueRequired\":true,\"valueName\":\"search_term_string\"}}],\"inLanguage\":\"it-IT\"},{\"@type\":\"Organization\",\"@id\":\"https:\\\/\\\/www.domaine-de-la-capanaccia.com\\\/#organization\",\"name\":\"Domaine de la Capanaccia\",\"url\":\"https:\\\/\\\/www.domaine-de-la-capanaccia.com\\\/\",\"logo\":{\"@type\":\"ImageObject\",\"inLanguage\":\"it-IT\",\"@id\":\"https:\\\/\\\/www.domaine-de-la-capanaccia.com\\\/#\\\/schema\\\/logo\\\/image\\\/\",\"url\":\"https:\\\/\\\/www.domaine-de-la-capanaccia.com\\\/wp-content\\\/uploads\\\/2023\\\/06\\\/domaine-de-la-capanaccia-logotype.svg\",\"contentUrl\":\"https:\\\/\\\/www.domaine-de-la-capanaccia.com\\\/wp-content\\\/uploads\\\/2023\\\/06\\\/domaine-de-la-capanaccia-logotype.svg\",\"width\":1,\"height\":1,\"caption\":\"Domaine de la Capanaccia\"},\"image\":{\"@id\":\"https:\\\/\\\/www.domaine-de-la-capanaccia.com\\\/#\\\/schema\\\/logo\\\/image\\\/\"}}]}<\/script>\n<!-- \/ Yoast SEO plugin. -->","yoast_head_json":{"title":"Mentions l\u00e9gales - Domaine de la Capanaccia","robots":{"index":"noindex","follow":"follow"},"og_locale":"it_IT","og_type":"article","og_title":"Mentions l\u00e9gales - Domaine de la Capanaccia","og_description":"Mentions l\u00e9gales 1 \u2013 Pr\u00e9sentation du site En vertu de l\u2019article 6 de la loi n\u00b0 2004-575 du 21 juin 2004 pour la confiance dans l\u2019\u00e9conomie num\u00e9rique, il est pr\u00e9cis\u00e9 aux utilisateurs du site www.domaine-de-la-capanaccia.com l\u2019identit\u00e9 des diff\u00e9rents intervenants dans le cadre de sa r\u00e9alisation et de son suivi : Propri\u00e9taire et responsable de publication [&hellip;]","og_url":"https:\/\/www.domaine-de-la-capanaccia.com\/it\/avviso-legale\/","og_site_name":"Domaine de la Capanaccia","article_modified_time":"2023-06-12T10:41:49+00:00","og_image":[{"width":1200,"height":675,"url":"https:\/\/www.domaine-de-la-capanaccia.com\/wp-content\/uploads\/2023\/06\/domaine-de-la-capanaccia-thumbnail.jpg","type":"image\/jpeg"}],"twitter_card":"summary_large_image","twitter_misc":{"Tempo di lettura stimato":"8 minuti"},"schema":{"@context":"https:\/\/schema.org","@graph":[{"@type":"WebPage","@id":"https:\/\/www.domaine-de-la-capanaccia.com\/mentions-legales\/","url":"https:\/\/www.domaine-de-la-capanaccia.com\/mentions-legales\/","name":"Mentions l\u00e9gales - Domaine de la Capanaccia","isPartOf":{"@id":"https:\/\/www.domaine-de-la-capanaccia.com\/#website"},"datePublished":"2023-06-12T08:14:11+00:00","dateModified":"2023-06-12T10:41:49+00:00","breadcrumb":{"@id":"https:\/\/www.domaine-de-la-capanaccia.com\/mentions-legales\/#breadcrumb"},"inLanguage":"it-IT","potentialAction":[{"@type":"ReadAction","target":["https:\/\/www.domaine-de-la-capanaccia.com\/mentions-legales\/"]}]},{"@type":"BreadcrumbList","@id":"https:\/\/www.domaine-de-la-capanaccia.com\/mentions-legales\/#breadcrumb","itemListElement":[{"@type":"ListItem","position":1,"name":"Accueil","item":"https:\/\/www.domaine-de-la-capanaccia.com\/"},{"@type":"ListItem","position":2,"name":"Mentions l\u00e9gales"}]},{"@type":"WebSite","@id":"https:\/\/www.domaine-de-la-capanaccia.com\/#website","url":"https:\/\/www.domaine-de-la-capanaccia.com\/","name":"Domaine de la Capanaccia","description":"","publisher":{"@id":"https:\/\/www.domaine-de-la-capanaccia.com\/#organization"},"potentialAction":[{"@type":"SearchAction","target":{"@type":"EntryPoint","urlTemplate":"https:\/\/www.domaine-de-la-capanaccia.com\/?s={search_term_string}"},"query-input":{"@type":"PropertyValueSpecification","valueRequired":true,"valueName":"search_term_string"}}],"inLanguage":"it-IT"},{"@type":"Organization","@id":"https:\/\/www.domaine-de-la-capanaccia.com\/#organization","name":"Domaine de la Capanaccia","url":"https:\/\/www.domaine-de-la-capanaccia.com\/","logo":{"@type":"ImageObject","inLanguage":"it-IT","@id":"https:\/\/www.domaine-de-la-capanaccia.com\/#\/schema\/logo\/image\/","url":"https:\/\/www.domaine-de-la-capanaccia.com\/wp-content\/uploads\/2023\/06\/domaine-de-la-capanaccia-logotype.svg","contentUrl":"https:\/\/www.domaine-de-la-capanaccia.com\/wp-content\/uploads\/2023\/06\/domaine-de-la-capanaccia-logotype.svg","width":1,"height":1,"caption":"Domaine de la Capanaccia"},"image":{"@id":"https:\/\/www.domaine-de-la-capanaccia.com\/#\/schema\/logo\/image\/"}}]}},"_links":{"self":[{"href":"https:\/\/www.domaine-de-la-capanaccia.com\/it\/wp-json\/wp\/v2\/pages\/368","targetHints":{"allow":["GET"]}}],"collection":[{"href":"https:\/\/www.domaine-de-la-capanaccia.com\/it\/wp-json\/wp\/v2\/pages"}],"about":[{"href":"https:\/\/www.domaine-de-la-capanaccia.com\/it\/wp-json\/wp\/v2\/types\/page"}],"author":[{"embeddable":true,"href":"https:\/\/www.domaine-de-la-capanaccia.com\/it\/wp-json\/wp\/v2\/users\/2"}],"replies":[{"embeddable":true,"href":"https:\/\/www.domaine-de-la-capanaccia.com\/it\/wp-json\/wp\/v2\/comments?post=368"}],"version-history":[{"count":8,"href":"https:\/\/www.domaine-de-la-capanaccia.com\/it\/wp-json\/wp\/v2\/pages\/368\/revisions"}],"predecessor-version":[{"id":442,"href":"https:\/\/www.domaine-de-la-capanaccia.com\/it\/wp-json\/wp\/v2\/pages\/368\/revisions\/442"}],"wp:attachment":[{"href":"https:\/\/www.domaine-de-la-capanaccia.com\/it\/wp-json\/wp\/v2\/media?parent=368"}],"curies":[{"name":"wp","href":"https:\/\/api.w.org\/{rel}","templated":true}]}}