{"id":136,"date":"2023-06-08T12:11:00","date_gmt":"2023-06-08T10:11:00","guid":{"rendered":"https:\/\/www.domaine-de-la-capanaccia.com\/?page_id=136"},"modified":"2023-06-12T12:39:41","modified_gmt":"2023-06-12T10:39:41","slug":"contact","status":"publish","type":"page","link":"https:\/\/www.domaine-de-la-capanaccia.com\/it\/contatto\/","title":{"rendered":"Contatto"},"content":{"rendered":"<div data-elementor-type=\"wp-page\" data-elementor-id=\"136\" class=\"elementor elementor-136\" data-elementor-post-type=\"page\">\n\t\t\t\t\t\t<section class=\"elementor-section elementor-top-section elementor-element elementor-element-f38cdbf elementor-section-boxed elementor-section-height-default elementor-section-height-default\" data-id=\"f38cdbf\" data-element_type=\"section\" data-e-type=\"section\">\n\t\t\t\t\t\t\t<div class=\"elementor-background-overlay\"><\/div>\n\t\t\t\t\t\t\t<div class=\"elementor-container elementor-column-gap-wide\">\n\t\t\t\t\t<div class=\"elementor-column elementor-col-100 elementor-top-column elementor-element elementor-element-aac99c0\" data-id=\"aac99c0\" data-element_type=\"column\" data-e-type=\"column\">\n\t\t\t<div class=\"elementor-widget-wrap elementor-element-populated\">\n\t\t\t\t\t\t<div class=\"elementor-element elementor-element-c65b233 elementor-widget elementor-widget-heading\" data-id=\"c65b233\" data-element_type=\"widget\" data-e-type=\"widget\" data-widget_type=\"heading.default\">\n\t\t\t\t<div class=\"elementor-widget-container\">\n\t\t\t\t\t<h1 class=\"elementor-heading-title elementor-size-default\">Contatto<\/h1>\t\t\t\t<\/div>\n\t\t\t\t<\/div>\n\t\t\t\t<div class=\"elementor-element elementor-element-6592581 elementor-widget-divider--separator-type-pattern elementor-widget-divider--no-spacing elementor-widget-divider--view-line elementor-widget elementor-widget-divider\" data-id=\"6592581\" data-element_type=\"widget\" data-e-type=\"widget\" data-widget_type=\"divider.default\">\n\t\t\t\t<div class=\"elementor-widget-container\">\n\t\t\t\t\t\t\t<div class=\"elementor-divider\" style=\"--divider-pattern-url: url(&quot;data:image\/svg+xml,%3Csvg xmlns=&#039;http:\/\/www.w3.org\/2000\/svg&#039; preserveAspectRatio=&#039;xMidYMid meet&#039; overflow=&#039;visible&#039; height=&#039;100%&#039; viewBox=&#039;0 0 126 26&#039; fill=&#039;black&#039; stroke=&#039;none&#039;%3E%3Cpath d=&#039;M3,10.2c2.6,0,2.6,2,2.6,3.2S4.4,16.5,3,16.5s-3-1.4-3-3.2S0.4,10.2,3,10.2z M18.8,10.2c1.7,0,3.2,1.4,3.2,3.2s-1.4,3.2-3.2,3.2c-1.7,0-3.2-1.4-3.2-3.2S17,10.2,18.8,10.2z M34.6,10.2c1.5,0,2.6,1.4,2.6,3.2s-0.5,3.2-1.9,3.2c-1.5,0-3.4-1.4-3.4-3.2S33.1,10.2,34.6,10.2z M50.5,10.2c1.7,0,3.2,1.4,3.2,3.2s-1.4,3.2-3.2,3.2c-1.7,0-3.3-0.9-3.3-2.6S48.7,10.2,50.5,10.2z M66.2,10.2c1.5,0,3.4,1.4,3.4,3.2s-1.9,3.2-3.4,3.2c-1.5,0-2.6-0.4-2.6-2.1S64.8,10.2,66.2,10.2z M82.2,10.2c1.7,0.8,2.6,1.4,2.6,3.2s-0.1,3.2-1.6,3.2c-1.5,0-3.7-1.4-3.7-3.2S80.5,9.4,82.2,10.2zM98.6,10.2c1.5,0,2.6,0.4,2.6,2.1s-1.2,4.2-2.6,4.2c-1.5,0-3.7-0.4-3.7-2.1S97.1,10.2,98.6,10.2z M113.4,10.2c1.2,0,2.2,0.9,2.2,3.2s-0.1,3.2-1.3,3.2s-3.1-1.4-3.1-3.2S112.2,10.2,113.4,10.2z&#039;\/%3E%3C\/svg%3E&quot;);\">\n\t\t\t<span class=\"elementor-divider-separator\">\n\t\t\t\t\t\t<\/span>\n\t\t<\/div>\n\t\t\t\t\t\t<\/div>\n\t\t\t\t<\/div>\n\t\t\t\t<div class=\"elementor-element elementor-element-a91ecd6 elementor-widget elementor-widget-text-editor\" data-id=\"a91ecd6\" data-element_type=\"widget\" data-e-type=\"widget\" data-widget_type=\"text-editor.default\">\n\t\t\t\t<div class=\"elementor-widget-container\">\n\t\t\t\t\t\t\t\t\t<p>Per qualsiasi richiesta non esitare a contattarci tramite il form sottostante o telefonicamente al n <a href=\"tel:33767246476\">+33 7 67 24 64 76<\/a>.<\/p>\t\t\t\t\t\t\t\t<\/div>\n\t\t\t\t<\/div>\n\t\t\t\t<div class=\"elementor-element elementor-element-603f9b1 elementor-widget elementor-widget-wpforms\" data-id=\"603f9b1\" data-element_type=\"widget\" data-e-type=\"widget\" data-widget_type=\"wpforms.default\">\n\t\t\t\t<div class=\"elementor-widget-container\">\n\t\t\t\t\t<div class=\"wpforms-container wpforms-container-full\" id=\"wpforms-140\"><form id=\"wpforms-form-140\" class=\"wpforms-validate wpforms-form wpforms-ajax-form\" data-formid=\"140\" method=\"post\" enctype=\"multipart\/form-data\" action=\"\/it\/wp-json\/wp\/v2\/pages\/136\" data-token=\"0e8ca651e6ffdccc2e3f66574a51499b\" data-trp-original-action=\"\/it\/wp-json\/wp\/v2\/pages\/136\"><noscript class=\"wpforms-error-noscript\">Abilita JavaScript nel browser per completare questo modulo.<\/noscript><div class=\"wpforms-field-container\"><div id=\"wpforms-140-field_1-container\" class=\"wpforms-field wpforms-field-text wpforms-one-half wpforms-first wpforms-mobile-full\" data-field-id=\"1\"><label class=\"wpforms-field-label\" for=\"wpforms-140-field_1\">Nome <span class=\"wpforms-required-label\">*<\/span><\/label><input type=\"text\" id=\"wpforms-140-field_1\" class=\"wpforms-field-large wpforms-field-required\" name=\"wpforms[fields][1]\" required><\/div><div id=\"wpforms-140-field_2-container\" class=\"wpforms-field wpforms-field-text wpforms-one-half wpforms-mobile-full\" data-field-id=\"2\"><label class=\"wpforms-field-label\" for=\"wpforms-140-field_2\">Nome <span class=\"wpforms-required-label\">*<\/span><\/label><input type=\"text\" id=\"wpforms-140-field_2\" class=\"wpforms-field-large wpforms-field-required\" name=\"wpforms[fields][2]\" required><\/div><div id=\"wpforms-140-field_3-container\" class=\"wpforms-field wpforms-field-email\" data-field-id=\"3\"><label class=\"wpforms-field-label\" for=\"wpforms-140-field_3\">Indirizzo e-mail <span class=\"wpforms-required-label\">*<\/span><\/label><input type=\"email\" id=\"wpforms-140-field_3\" class=\"wpforms-field-large wpforms-field-required\" name=\"wpforms[fields][3]\" required><\/div><div id=\"wpforms-140-field_4-container\" class=\"wpforms-field wpforms-field-phone\" data-field-id=\"4\"><label class=\"wpforms-field-label\" for=\"wpforms-140-field_4\">Telefono <span class=\"wpforms-required-label\">*<\/span><\/label><input type=\"tel\" id=\"wpforms-140-field_4\" class=\"wpforms-field-large wpforms-field-required wpforms-smart-phone-field\" data-rule-smart-phone-field=\"true\" name=\"wpforms[fields][4]\" required><\/div><div id=\"wpforms-140-field_5-container\" class=\"wpforms-field wpforms-field-textarea\" data-field-id=\"5\"><label class=\"wpforms-field-label\" for=\"wpforms-140-field_5\">Messaggio <span class=\"wpforms-required-label\">*<\/span><\/label><textarea id=\"wpforms-140-field_5\" class=\"wpforms-field-medium wpforms-field-required\" name=\"wpforms[fields][5]\" required><\/textarea><\/div><div id=\"wpforms-140-field_6-container\" class=\"wpforms-field wpforms-field-gdpr-checkbox\" data-field-id=\"6\"><label class=\"wpforms-field-label\" for=\"wpforms-140-field_6\">GDPR <span class=\"wpforms-required-label\">*<\/span><\/label><ul id=\"wpforms-140-field_6\" class=\"wpforms-field-required\"><li class=\"choice-1\"><input type=\"checkbox\" id=\"wpforms-140-field_6_1\" name=\"wpforms[fields][6][]\" value=\"Je consens \u00e0 ce que ce site stocke mes informations envoy\u00e9es afin qu\u2019ils puissent r\u00e9pondre \u00e0 ma requ\u00eate\" required><label class=\"wpforms-field-label-inline\" for=\"wpforms-140-field_6_1\">Acconsento a che questo sito memorizzi le mie informazioni inviate in modo che possano rispondere alla mia domanda<\/label><\/li><\/ul><\/div><\/div><div class=\"wpforms-recaptcha-container wpforms-is-hcaptcha\"><div class=\"g-recaptcha\" data-sitekey=\"8d16ddd7-7628-45d0-95e0-5a2f94341b26\"><\/div><input type=\"text\" name=\"g-recaptcha-hidden\" class=\"wpforms-recaptcha-hidden\" style=\"position:absolute!important;clip:rect(0,0,0,0)!important;height:1px!important;width:1px!important;border:0!important;overflow:hidden!important;padding:0!important;margin:0!important;\" required><\/div><div class=\"wpforms-submit-container\"><input type=\"hidden\" name=\"wpforms[id]\" value=\"140\"><input type=\"hidden\" name=\"wpforms[author]\" value=\"2\"><button type=\"submit\" name=\"wpforms[submit]\" id=\"wpforms-submit-140\" class=\"wpforms-submit\" aria-live=\"assertive\" value=\"wpforms-submit\">mandare<\/button><img decoding=\"async\" src=\"https:\/\/www.domaine-de-la-capanaccia.com\/wp-content\/plugins\/wpforms\/assets\/images\/submit-spin.svg\" class=\"wpforms-submit-spinner\" style=\"display: none;\" width=\"26\" height=\"26\" alt=\"\"><\/div><input type=\"hidden\" name=\"trp-form-language\" value=\"it\"\/><\/form><\/div>  <!-- .wpforms-container -->\t\t\t\t<\/div>\n\t\t\t\t<\/div>\n\t\t\t\t\t<\/div>\n\t\t<\/div>\n\t\t\t\t\t<\/div>\n\t\t<\/section>\n\t\t\t\t<\/div>","protected":false},"excerpt":{"rendered":"<p>Contact Pour toute demande, n&rsquo;h\u00e9sitez pas \u00e0 nous contacter depuis le formulaire ci-dessous ou par t\u00e9l\u00e9phone au +33 7 67 24 64 76.<\/p>","protected":false},"author":2,"featured_media":0,"parent":0,"menu_order":0,"comment_status":"closed","ping_status":"closed","template":"elementor_header_footer","meta":{"footnotes":""},"class_list":["post-136","page","type-page","status-publish","hentry"],"yoast_head":"<!-- This site is optimized with the Yoast SEO plugin v27.4 - https:\/\/yoast.com\/product\/yoast-seo-wordpress\/ -->\n<title>Contact - Domaine de la Capanaccia<\/title>\n<meta name=\"description\" content=\"Besoin d&#039;aide \u00e0 propos de votre r\u00e9servation ? Pour toute demande, n&#039;h\u00e9sitez pas \u00e0 nous contacter depuis le formulaire ou par t\u00e9l\u00e9phone\" \/>\n<meta name=\"robots\" content=\"index, follow, max-snippet:-1, max-image-preview:large, max-video-preview:-1\" \/>\n<link rel=\"canonical\" href=\"https:\/\/www.domaine-de-la-capanaccia.com\/it\/contatto\/\" \/>\n<meta property=\"og:locale\" content=\"it_IT\" \/>\n<meta property=\"og:type\" content=\"article\" \/>\n<meta property=\"og:title\" content=\"Contact - Domaine de la Capanaccia\" \/>\n<meta property=\"og:description\" content=\"Besoin d&#039;aide \u00e0 propos de votre r\u00e9servation ? Pour toute demande, n&#039;h\u00e9sitez pas \u00e0 nous contacter depuis le formulaire ou par t\u00e9l\u00e9phone\" \/>\n<meta property=\"og:url\" content=\"https:\/\/www.domaine-de-la-capanaccia.com\/it\/contatto\/\" \/>\n<meta property=\"og:site_name\" content=\"Domaine de la Capanaccia\" \/>\n<meta property=\"article:modified_time\" content=\"2023-06-12T10:39:41+00:00\" \/>\n<meta property=\"og:image\" content=\"https:\/\/www.domaine-de-la-capanaccia.com\/wp-content\/uploads\/2023\/06\/domaine-de-la-capanaccia-thumbnail.jpg\" \/>\n\t<meta property=\"og:image:width\" content=\"1200\" \/>\n\t<meta property=\"og:image:height\" content=\"675\" \/>\n\t<meta property=\"og:image:type\" content=\"image\/jpeg\" \/>\n<meta name=\"twitter:card\" content=\"summary_large_image\" \/>\n<meta name=\"twitter:label1\" content=\"Tempo di lettura stimato\" \/>\n\t<meta name=\"twitter:data1\" content=\"1 minuto\" \/>\n<script type=\"application\/ld+json\" class=\"yoast-schema-graph\">{\"@context\":\"https:\\\/\\\/schema.org\",\"@graph\":[{\"@type\":\"WebPage\",\"@id\":\"https:\\\/\\\/www.domaine-de-la-capanaccia.com\\\/contact\\\/\",\"url\":\"https:\\\/\\\/www.domaine-de-la-capanaccia.com\\\/contact\\\/\",\"name\":\"Contact - Domaine de la Capanaccia\",\"isPartOf\":{\"@id\":\"https:\\\/\\\/www.domaine-de-la-capanaccia.com\\\/#website\"},\"datePublished\":\"2023-06-08T10:11:00+00:00\",\"dateModified\":\"2023-06-12T10:39:41+00:00\",\"description\":\"Besoin d'aide \u00e0 propos de votre r\u00e9servation ? Pour toute demande, n'h\u00e9sitez pas \u00e0 nous contacter depuis le formulaire ou par t\u00e9l\u00e9phone\",\"breadcrumb\":{\"@id\":\"https:\\\/\\\/www.domaine-de-la-capanaccia.com\\\/contact\\\/#breadcrumb\"},\"inLanguage\":\"it-IT\",\"potentialAction\":[{\"@type\":\"ReadAction\",\"target\":[\"https:\\\/\\\/www.domaine-de-la-capanaccia.com\\\/contact\\\/\"]}]},{\"@type\":\"BreadcrumbList\",\"@id\":\"https:\\\/\\\/www.domaine-de-la-capanaccia.com\\\/contact\\\/#breadcrumb\",\"itemListElement\":[{\"@type\":\"ListItem\",\"position\":1,\"name\":\"Accueil\",\"item\":\"https:\\\/\\\/www.domaine-de-la-capanaccia.com\\\/\"},{\"@type\":\"ListItem\",\"position\":2,\"name\":\"Contact\"}]},{\"@type\":\"WebSite\",\"@id\":\"https:\\\/\\\/www.domaine-de-la-capanaccia.com\\\/#website\",\"url\":\"https:\\\/\\\/www.domaine-de-la-capanaccia.com\\\/\",\"name\":\"Domaine de la Capanaccia\",\"description\":\"\",\"publisher\":{\"@id\":\"https:\\\/\\\/www.domaine-de-la-capanaccia.com\\\/#organization\"},\"potentialAction\":[{\"@type\":\"SearchAction\",\"target\":{\"@type\":\"EntryPoint\",\"urlTemplate\":\"https:\\\/\\\/www.domaine-de-la-capanaccia.com\\\/?s={search_term_string}\"},\"query-input\":{\"@type\":\"PropertyValueSpecification\",\"valueRequired\":true,\"valueName\":\"search_term_string\"}}],\"inLanguage\":\"it-IT\"},{\"@type\":\"Organization\",\"@id\":\"https:\\\/\\\/www.domaine-de-la-capanaccia.com\\\/#organization\",\"name\":\"Domaine de la Capanaccia\",\"url\":\"https:\\\/\\\/www.domaine-de-la-capanaccia.com\\\/\",\"logo\":{\"@type\":\"ImageObject\",\"inLanguage\":\"it-IT\",\"@id\":\"https:\\\/\\\/www.domaine-de-la-capanaccia.com\\\/#\\\/schema\\\/logo\\\/image\\\/\",\"url\":\"https:\\\/\\\/www.domaine-de-la-capanaccia.com\\\/wp-content\\\/uploads\\\/2023\\\/06\\\/domaine-de-la-capanaccia-logotype.svg\",\"contentUrl\":\"https:\\\/\\\/www.domaine-de-la-capanaccia.com\\\/wp-content\\\/uploads\\\/2023\\\/06\\\/domaine-de-la-capanaccia-logotype.svg\",\"width\":1,\"height\":1,\"caption\":\"Domaine de la Capanaccia\"},\"image\":{\"@id\":\"https:\\\/\\\/www.domaine-de-la-capanaccia.com\\\/#\\\/schema\\\/logo\\\/image\\\/\"}}]}<\/script>\n<!-- \/ Yoast SEO plugin. -->","yoast_head_json":{"title":"Contact - Domaine de la Capanaccia","description":"Besoin d'aide \u00e0 propos de votre r\u00e9servation ? Pour toute demande, n'h\u00e9sitez pas \u00e0 nous contacter depuis le formulaire ou par t\u00e9l\u00e9phone","robots":{"index":"index","follow":"follow","max-snippet":"max-snippet:-1","max-image-preview":"max-image-preview:large","max-video-preview":"max-video-preview:-1"},"canonical":"https:\/\/www.domaine-de-la-capanaccia.com\/it\/contatto\/","og_locale":"it_IT","og_type":"article","og_title":"Contact - Domaine de la Capanaccia","og_description":"Besoin d'aide \u00e0 propos de votre r\u00e9servation ? Pour toute demande, n'h\u00e9sitez pas \u00e0 nous contacter depuis le formulaire ou par t\u00e9l\u00e9phone","og_url":"https:\/\/www.domaine-de-la-capanaccia.com\/it\/contatto\/","og_site_name":"Domaine de la Capanaccia","article_modified_time":"2023-06-12T10:39:41+00:00","og_image":[{"width":1200,"height":675,"url":"https:\/\/www.domaine-de-la-capanaccia.com\/wp-content\/uploads\/2023\/06\/domaine-de-la-capanaccia-thumbnail.jpg","type":"image\/jpeg"}],"twitter_card":"summary_large_image","twitter_misc":{"Tempo di lettura stimato":"1 minuto"},"schema":{"@context":"https:\/\/schema.org","@graph":[{"@type":"WebPage","@id":"https:\/\/www.domaine-de-la-capanaccia.com\/contact\/","url":"https:\/\/www.domaine-de-la-capanaccia.com\/contact\/","name":"Contact - Domaine de la Capanaccia","isPartOf":{"@id":"https:\/\/www.domaine-de-la-capanaccia.com\/#website"},"datePublished":"2023-06-08T10:11:00+00:00","dateModified":"2023-06-12T10:39:41+00:00","description":"Besoin d'aide \u00e0 propos de votre r\u00e9servation ? Pour toute demande, n'h\u00e9sitez pas \u00e0 nous contacter depuis le formulaire ou par t\u00e9l\u00e9phone","breadcrumb":{"@id":"https:\/\/www.domaine-de-la-capanaccia.com\/contact\/#breadcrumb"},"inLanguage":"it-IT","potentialAction":[{"@type":"ReadAction","target":["https:\/\/www.domaine-de-la-capanaccia.com\/contact\/"]}]},{"@type":"BreadcrumbList","@id":"https:\/\/www.domaine-de-la-capanaccia.com\/contact\/#breadcrumb","itemListElement":[{"@type":"ListItem","position":1,"name":"Accueil","item":"https:\/\/www.domaine-de-la-capanaccia.com\/"},{"@type":"ListItem","position":2,"name":"Contact"}]},{"@type":"WebSite","@id":"https:\/\/www.domaine-de-la-capanaccia.com\/#website","url":"https:\/\/www.domaine-de-la-capanaccia.com\/","name":"Domaine de la Capanaccia","description":"","publisher":{"@id":"https:\/\/www.domaine-de-la-capanaccia.com\/#organization"},"potentialAction":[{"@type":"SearchAction","target":{"@type":"EntryPoint","urlTemplate":"https:\/\/www.domaine-de-la-capanaccia.com\/?s={search_term_string}"},"query-input":{"@type":"PropertyValueSpecification","valueRequired":true,"valueName":"search_term_string"}}],"inLanguage":"it-IT"},{"@type":"Organization","@id":"https:\/\/www.domaine-de-la-capanaccia.com\/#organization","name":"Domaine de la Capanaccia","url":"https:\/\/www.domaine-de-la-capanaccia.com\/","logo":{"@type":"ImageObject","inLanguage":"it-IT","@id":"https:\/\/www.domaine-de-la-capanaccia.com\/#\/schema\/logo\/image\/","url":"https:\/\/www.domaine-de-la-capanaccia.com\/wp-content\/uploads\/2023\/06\/domaine-de-la-capanaccia-logotype.svg","contentUrl":"https:\/\/www.domaine-de-la-capanaccia.com\/wp-content\/uploads\/2023\/06\/domaine-de-la-capanaccia-logotype.svg","width":1,"height":1,"caption":"Domaine de la Capanaccia"},"image":{"@id":"https:\/\/www.domaine-de-la-capanaccia.com\/#\/schema\/logo\/image\/"}}]}},"_links":{"self":[{"href":"https:\/\/www.domaine-de-la-capanaccia.com\/it\/wp-json\/wp\/v2\/pages\/136","targetHints":{"allow":["GET"]}}],"collection":[{"href":"https:\/\/www.domaine-de-la-capanaccia.com\/it\/wp-json\/wp\/v2\/pages"}],"about":[{"href":"https:\/\/www.domaine-de-la-capanaccia.com\/it\/wp-json\/wp\/v2\/types\/page"}],"author":[{"embeddable":true,"href":"https:\/\/www.domaine-de-la-capanaccia.com\/it\/wp-json\/wp\/v2\/users\/2"}],"replies":[{"embeddable":true,"href":"https:\/\/www.domaine-de-la-capanaccia.com\/it\/wp-json\/wp\/v2\/comments?post=136"}],"version-history":[{"count":10,"href":"https:\/\/www.domaine-de-la-capanaccia.com\/it\/wp-json\/wp\/v2\/pages\/136\/revisions"}],"predecessor-version":[{"id":439,"href":"https:\/\/www.domaine-de-la-capanaccia.com\/it\/wp-json\/wp\/v2\/pages\/136\/revisions\/439"}],"wp:attachment":[{"href":"https:\/\/www.domaine-de-la-capanaccia.com\/it\/wp-json\/wp\/v2\/media?parent=136"}],"curies":[{"name":"wp","href":"https:\/\/api.w.org\/{rel}","templated":true}]}}