{"id":378,"date":"2023-06-12T10:22:53","date_gmt":"2023-06-12T08:22:53","guid":{"rendered":"https:\/\/www.domaine-de-la-capanaccia.com\/?page_id=378"},"modified":"2023-06-12T12:39:02","modified_gmt":"2023-06-12T10:39:02","slug":"confidentialite","status":"publish","type":"page","link":"https:\/\/www.domaine-de-la-capanaccia.com\/es\/privacidad\/","title":{"rendered":"Privacidad"},"content":{"rendered":"<div data-elementor-type=\"wp-page\" data-elementor-id=\"378\" class=\"elementor elementor-378\" data-elementor-post-type=\"page\">\n\t\t\t\t\t\t<section class=\"elementor-section elementor-top-section elementor-element elementor-element-e379f6d elementor-section-boxed elementor-section-height-default elementor-section-height-default\" data-id=\"e379f6d\" data-element_type=\"section\" data-e-type=\"section\">\n\t\t\t\t\t\t<div class=\"elementor-container elementor-column-gap-wide\">\n\t\t\t\t\t<div class=\"elementor-column elementor-col-100 elementor-top-column elementor-element elementor-element-33165a1\" data-id=\"33165a1\" data-element_type=\"column\" data-e-type=\"column\">\n\t\t\t<div class=\"elementor-widget-wrap elementor-element-populated\">\n\t\t\t\t\t\t<div class=\"elementor-element elementor-element-5a5a037 elementor-widget elementor-widget-heading\" data-id=\"5a5a037\" data-element_type=\"widget\" data-e-type=\"widget\" data-widget_type=\"heading.default\">\n\t\t\t\t<div class=\"elementor-widget-container\">\n\t\t\t\t\t<h1 class=\"elementor-heading-title elementor-size-default\">Privacidad<\/h1>\t\t\t\t<\/div>\n\t\t\t\t<\/div>\n\t\t\t\t<div class=\"elementor-element elementor-element-d944434 elementor-widget-divider--separator-type-pattern elementor-widget-divider--no-spacing elementor-widget-divider--view-line elementor-widget elementor-widget-divider\" data-id=\"d944434\" data-element_type=\"widget\" data-e-type=\"widget\" data-widget_type=\"divider.default\">\n\t\t\t\t<div class=\"elementor-widget-container\">\n\t\t\t\t\t\t\t<div class=\"elementor-divider\" style=\"--divider-pattern-url: url(&quot;data:image\/svg+xml,%3Csvg xmlns=&#039;http:\/\/www.w3.org\/2000\/svg&#039; preserveAspectRatio=&#039;xMidYMid meet&#039; overflow=&#039;visible&#039; height=&#039;100%&#039; viewBox=&#039;0 0 126 26&#039; fill=&#039;black&#039; stroke=&#039;none&#039;%3E%3Cpath d=&#039;M3,10.2c2.6,0,2.6,2,2.6,3.2S4.4,16.5,3,16.5s-3-1.4-3-3.2S0.4,10.2,3,10.2z M18.8,10.2c1.7,0,3.2,1.4,3.2,3.2s-1.4,3.2-3.2,3.2c-1.7,0-3.2-1.4-3.2-3.2S17,10.2,18.8,10.2z M34.6,10.2c1.5,0,2.6,1.4,2.6,3.2s-0.5,3.2-1.9,3.2c-1.5,0-3.4-1.4-3.4-3.2S33.1,10.2,34.6,10.2z M50.5,10.2c1.7,0,3.2,1.4,3.2,3.2s-1.4,3.2-3.2,3.2c-1.7,0-3.3-0.9-3.3-2.6S48.7,10.2,50.5,10.2z M66.2,10.2c1.5,0,3.4,1.4,3.4,3.2s-1.9,3.2-3.4,3.2c-1.5,0-2.6-0.4-2.6-2.1S64.8,10.2,66.2,10.2z M82.2,10.2c1.7,0.8,2.6,1.4,2.6,3.2s-0.1,3.2-1.6,3.2c-1.5,0-3.7-1.4-3.7-3.2S80.5,9.4,82.2,10.2zM98.6,10.2c1.5,0,2.6,0.4,2.6,2.1s-1.2,4.2-2.6,4.2c-1.5,0-3.7-0.4-3.7-2.1S97.1,10.2,98.6,10.2z M113.4,10.2c1.2,0,2.2,0.9,2.2,3.2s-0.1,3.2-1.3,3.2s-3.1-1.4-3.1-3.2S112.2,10.2,113.4,10.2z&#039;\/%3E%3C\/svg%3E&quot;);\">\n\t\t\t<span class=\"elementor-divider-separator\">\n\t\t\t\t\t\t<\/span>\n\t\t<\/div>\n\t\t\t\t\t\t<\/div>\n\t\t\t\t<\/div>\n\t\t\t\t<div class=\"elementor-element elementor-element-2de944c elementor-widget__width-initial elementor-widget elementor-widget-text-editor\" data-id=\"2de944c\" data-element_type=\"widget\" data-e-type=\"widget\" data-widget_type=\"text-editor.default\">\n\t\t\t\t<div class=\"elementor-widget-container\">\n\t\t\t\t\t\t\t\t\t<div class=\"w-full border-b border-black\/10 dark:border-gray-900\/50 text-gray-800 dark:text-gray-100 group bg-gray-50 dark:bg-[#444654]\"><div class=\"text-base gap-4 md:gap-6 m-auto md:max-w-2xl lg:max-w-2xl xl:max-w-3xl p-4 md:py-6 flex lg:px-0\"><div class=\"relative flex w-[calc(100%-50px)] md:flex-col lg:w-[calc(100%-115px)]\"><div class=\"flex flex-grow flex-col gap-3\"><div class=\"min-h-[20px] flex flex-col items-start gap-4 whitespace-pre-wrap\"><div class=\"markdown prose w-full break-words dark:prose-invert light\"><p>Nuestra empresa se compromete a proteger su privacidad. Esta Pol\u00edtica de privacidad se aplica a toda la informaci\u00f3n que recopilamos en nuestro sitio web y todas las interacciones que tenemos con usted.<\/p><h2><strong>Colecci\u00f3n de informaci\u00f3n<\/strong><\/h2><p>Recopilamos informaci\u00f3n sobre usted cuando se registra en nuestro sitio, realiza una compra, completa un formulario o se comunica con nosotros. La informaci\u00f3n que recopilamos puede incluir su nombre, direcci\u00f3n de correo electr\u00f3nico, n\u00famero de tel\u00e9fono y direcci\u00f3n postal.<\/p><h2><strong>Uso de la informaci\u00f3n<\/strong><\/h2><p>Utilizamos la informaci\u00f3n que recopilamos con fines de marketing, gesti\u00f3n de relaciones con los clientes y para personalizar su experiencia en nuestro sitio web. Tambi\u00e9n podemos usar esta informaci\u00f3n para comunicarnos con usted y responder a sus solicitudes de soporte.<\/p><h2><strong>El intercambio de informaci\u00f3n<\/strong><\/h2><p>No vendemos, intercambiamos ni transferimos su informaci\u00f3n personal a terceros con fines de marketing. Sin embargo, podemos compartir su informaci\u00f3n con nuestros socios de confianza que realizan servicios en nuestro nombre, como la entrega de productos o la realizaci\u00f3n de campa\u00f1as de marketing. Estos terceros tienen acceso a la informaci\u00f3n necesaria para cumplir su misi\u00f3n, pero est\u00e1n obligados a no utilizar esta informaci\u00f3n para otros fines.<\/p><h2><strong>Protecci\u00f3n de la informaci\u00f3n<\/strong><\/h2><p>Tomamos medidas de seguridad razonables para proteger su informaci\u00f3n contra p\u00e9rdida, uso indebido y acceso no autorizado. Tambi\u00e9n utilizamos medidas de seguridad para proteger su informaci\u00f3n durante la transmisi\u00f3n de datos en nuestro sitio.<\/p><h2><strong>Galletas<\/strong><\/h2><p>Usamos cookies para mejorar su experiencia en nuestro sitio web y para rastrear el uso de nuestro sitio. Una cookie es un peque\u00f1o archivo de datos que se guarda en su computadora cuando visita un sitio web. Puede configurar su navegador para que rechace las cookies, pero esto puede afectar su uso de nuestro sitio.<\/p><h2><strong>Enlaces a otros sitios<\/strong><\/h2><p>Nuestro sitio puede contener enlaces a otros sitios que no est\u00e1n bajo nuestro control. No somos responsables de las pr\u00e1cticas de privacidad de esos sitios. Le recomendamos que lea las pol\u00edticas de privacidad de esos sitios antes de enviar su informaci\u00f3n personal.<\/p><\/div><\/div><\/div><\/div><\/div><\/div><div class=\"w-full border-b border-black\/10 dark:border-gray-900\/50 text-gray-800 dark:text-gray-100 group bg-gray-50 dark:bg-[#444654]\"><div class=\"text-base gap-4 md:gap-6 m-auto md:max-w-2xl lg:max-w-2xl xl:max-w-3xl p-4 md:py-6 flex lg:px-0\"><div class=\"relative flex w-[calc(100%-50px)] md:flex-col lg:w-[calc(100%-115px)]\"><div class=\"flex flex-grow flex-col gap-3\"><div class=\"min-h-[20px] flex flex-col items-start gap-4 whitespace-pre-wrap\"><div class=\"markdown prose w-full break-words dark:prose-invert light\"><h2><strong>Notificaci\u00f3n de cambios<\/strong><\/h2><p>Si decidimos cambiar nuestra pol\u00edtica de privacidad, publicaremos esos cambios en esta p\u00e1gina para que siempre sepa qu\u00e9 informaci\u00f3n recopilamos, c\u00f3mo la usamos y en qu\u00e9 circunstancias la divulgamos.<\/p><h2><strong>Consentir<\/strong><\/h2><p>Al usar nuestro sitio, usted acepta nuestra pol\u00edtica de privacidad.<\/p><h2><strong>Cont\u00e1ctenos<\/strong><\/h2><p>Si tiene alguna pregunta sobre nuestra pol\u00edtica de privacidad, no dude en\u00a0<a href=\"https:\/\/www.domaine-de-la-capanaccia.com\/es\/contactar\/\">Cont\u00e1ctenos<\/a>.<\/p><\/div><\/div><\/div><\/div><\/div><\/div>\t\t\t\t\t\t\t\t<\/div>\n\t\t\t\t<\/div>\n\t\t\t\t\t<\/div>\n\t\t<\/div>\n\t\t\t\t\t<\/div>\n\t\t<\/section>\n\t\t\t\t<\/div>","protected":false},"excerpt":{"rendered":"<p>Confidentialit\u00e9 Notre entreprise s\u2019engage \u00e0 prot\u00e9ger votre vie priv\u00e9e. Cette politique de confidentialit\u00e9 s\u2019applique \u00e0 toutes les informations que nous collectons sur notre site web et \u00e0 toutes les interactions que nous avons avec vous. Collecte d\u2019informations Nous collectons des informations sur vous lorsque vous vous inscrivez sur notre site, effectuez un achat, remplissez un [&hellip;]<\/p>","protected":false},"author":2,"featured_media":0,"parent":0,"menu_order":0,"comment_status":"closed","ping_status":"closed","template":"elementor_header_footer","meta":{"footnotes":""},"class_list":["post-378","page","type-page","status-publish","hentry"],"yoast_head":"<!-- This site is optimized with the Yoast SEO plugin v27.4 - https:\/\/yoast.com\/product\/yoast-seo-wordpress\/ -->\n<title>Confidentialit\u00e9 - Domaine de la Capanaccia<\/title>\n<meta name=\"robots\" content=\"noindex, follow\" \/>\n<meta property=\"og:locale\" content=\"es_ES\" \/>\n<meta property=\"og:type\" content=\"article\" \/>\n<meta property=\"og:title\" content=\"Confidentialit\u00e9 - Domaine de la Capanaccia\" \/>\n<meta property=\"og:description\" content=\"Confidentialit\u00e9 Notre entreprise s\u2019engage \u00e0 prot\u00e9ger votre vie priv\u00e9e. Cette politique de confidentialit\u00e9 s\u2019applique \u00e0 toutes les informations que nous collectons sur notre site web et \u00e0 toutes les interactions que nous avons avec vous. Collecte d\u2019informations Nous collectons des informations sur vous lorsque vous vous inscrivez sur notre site, effectuez un achat, remplissez un [&hellip;]\" \/>\n<meta property=\"og:url\" content=\"https:\/\/www.domaine-de-la-capanaccia.com\/es\/privacidad\/\" \/>\n<meta property=\"og:site_name\" content=\"Domaine de la Capanaccia\" \/>\n<meta property=\"article:modified_time\" content=\"2023-06-12T10:39:02+00:00\" \/>\n<meta property=\"og:image\" content=\"https:\/\/www.domaine-de-la-capanaccia.com\/wp-content\/uploads\/2023\/06\/domaine-de-la-capanaccia-thumbnail.jpg\" \/>\n\t<meta property=\"og:image:width\" content=\"1200\" \/>\n\t<meta property=\"og:image:height\" content=\"675\" \/>\n\t<meta property=\"og:image:type\" content=\"image\/jpeg\" \/>\n<meta name=\"twitter:card\" content=\"summary_large_image\" \/>\n<meta name=\"twitter:label1\" content=\"Tiempo de lectura\" \/>\n\t<meta name=\"twitter:data1\" content=\"3 minutos\" \/>\n<script type=\"application\/ld+json\" class=\"yoast-schema-graph\">{\"@context\":\"https:\\\/\\\/schema.org\",\"@graph\":[{\"@type\":\"WebPage\",\"@id\":\"https:\\\/\\\/www.domaine-de-la-capanaccia.com\\\/confidentialite\\\/\",\"url\":\"https:\\\/\\\/www.domaine-de-la-capanaccia.com\\\/confidentialite\\\/\",\"name\":\"Confidentialit\u00e9 - Domaine de la Capanaccia\",\"isPartOf\":{\"@id\":\"https:\\\/\\\/www.domaine-de-la-capanaccia.com\\\/#website\"},\"datePublished\":\"2023-06-12T08:22:53+00:00\",\"dateModified\":\"2023-06-12T10:39:02+00:00\",\"breadcrumb\":{\"@id\":\"https:\\\/\\\/www.domaine-de-la-capanaccia.com\\\/confidentialite\\\/#breadcrumb\"},\"inLanguage\":\"es\",\"potentialAction\":[{\"@type\":\"ReadAction\",\"target\":[\"https:\\\/\\\/www.domaine-de-la-capanaccia.com\\\/confidentialite\\\/\"]}]},{\"@type\":\"BreadcrumbList\",\"@id\":\"https:\\\/\\\/www.domaine-de-la-capanaccia.com\\\/confidentialite\\\/#breadcrumb\",\"itemListElement\":[{\"@type\":\"ListItem\",\"position\":1,\"name\":\"Accueil\",\"item\":\"https:\\\/\\\/www.domaine-de-la-capanaccia.com\\\/\"},{\"@type\":\"ListItem\",\"position\":2,\"name\":\"Confidentialit\u00e9\"}]},{\"@type\":\"WebSite\",\"@id\":\"https:\\\/\\\/www.domaine-de-la-capanaccia.com\\\/#website\",\"url\":\"https:\\\/\\\/www.domaine-de-la-capanaccia.com\\\/\",\"name\":\"Domaine de la Capanaccia\",\"description\":\"\",\"publisher\":{\"@id\":\"https:\\\/\\\/www.domaine-de-la-capanaccia.com\\\/#organization\"},\"potentialAction\":[{\"@type\":\"SearchAction\",\"target\":{\"@type\":\"EntryPoint\",\"urlTemplate\":\"https:\\\/\\\/www.domaine-de-la-capanaccia.com\\\/?s={search_term_string}\"},\"query-input\":{\"@type\":\"PropertyValueSpecification\",\"valueRequired\":true,\"valueName\":\"search_term_string\"}}],\"inLanguage\":\"es\"},{\"@type\":\"Organization\",\"@id\":\"https:\\\/\\\/www.domaine-de-la-capanaccia.com\\\/#organization\",\"name\":\"Domaine de la Capanaccia\",\"url\":\"https:\\\/\\\/www.domaine-de-la-capanaccia.com\\\/\",\"logo\":{\"@type\":\"ImageObject\",\"inLanguage\":\"es\",\"@id\":\"https:\\\/\\\/www.domaine-de-la-capanaccia.com\\\/#\\\/schema\\\/logo\\\/image\\\/\",\"url\":\"https:\\\/\\\/www.domaine-de-la-capanaccia.com\\\/wp-content\\\/uploads\\\/2023\\\/06\\\/domaine-de-la-capanaccia-logotype.svg\",\"contentUrl\":\"https:\\\/\\\/www.domaine-de-la-capanaccia.com\\\/wp-content\\\/uploads\\\/2023\\\/06\\\/domaine-de-la-capanaccia-logotype.svg\",\"width\":1,\"height\":1,\"caption\":\"Domaine de la Capanaccia\"},\"image\":{\"@id\":\"https:\\\/\\\/www.domaine-de-la-capanaccia.com\\\/#\\\/schema\\\/logo\\\/image\\\/\"}}]}<\/script>\n<!-- \/ Yoast SEO plugin. -->","yoast_head_json":{"title":"Confidentialit\u00e9 - Domaine de la Capanaccia","robots":{"index":"noindex","follow":"follow"},"og_locale":"es_ES","og_type":"article","og_title":"Confidentialit\u00e9 - Domaine de la Capanaccia","og_description":"Confidentialit\u00e9 Notre entreprise s\u2019engage \u00e0 prot\u00e9ger votre vie priv\u00e9e. Cette politique de confidentialit\u00e9 s\u2019applique \u00e0 toutes les informations que nous collectons sur notre site web et \u00e0 toutes les interactions que nous avons avec vous. Collecte d\u2019informations Nous collectons des informations sur vous lorsque vous vous inscrivez sur notre site, effectuez un achat, remplissez un [&hellip;]","og_url":"https:\/\/www.domaine-de-la-capanaccia.com\/es\/privacidad\/","og_site_name":"Domaine de la Capanaccia","article_modified_time":"2023-06-12T10:39:02+00:00","og_image":[{"width":1200,"height":675,"url":"https:\/\/www.domaine-de-la-capanaccia.com\/wp-content\/uploads\/2023\/06\/domaine-de-la-capanaccia-thumbnail.jpg","type":"image\/jpeg"}],"twitter_card":"summary_large_image","twitter_misc":{"Tiempo de lectura":"3 minutos"},"schema":{"@context":"https:\/\/schema.org","@graph":[{"@type":"WebPage","@id":"https:\/\/www.domaine-de-la-capanaccia.com\/confidentialite\/","url":"https:\/\/www.domaine-de-la-capanaccia.com\/confidentialite\/","name":"Confidentialit\u00e9 - Domaine de la Capanaccia","isPartOf":{"@id":"https:\/\/www.domaine-de-la-capanaccia.com\/#website"},"datePublished":"2023-06-12T08:22:53+00:00","dateModified":"2023-06-12T10:39:02+00:00","breadcrumb":{"@id":"https:\/\/www.domaine-de-la-capanaccia.com\/confidentialite\/#breadcrumb"},"inLanguage":"es","potentialAction":[{"@type":"ReadAction","target":["https:\/\/www.domaine-de-la-capanaccia.com\/confidentialite\/"]}]},{"@type":"BreadcrumbList","@id":"https:\/\/www.domaine-de-la-capanaccia.com\/confidentialite\/#breadcrumb","itemListElement":[{"@type":"ListItem","position":1,"name":"Accueil","item":"https:\/\/www.domaine-de-la-capanaccia.com\/"},{"@type":"ListItem","position":2,"name":"Confidentialit\u00e9"}]},{"@type":"WebSite","@id":"https:\/\/www.domaine-de-la-capanaccia.com\/#website","url":"https:\/\/www.domaine-de-la-capanaccia.com\/","name":"Domaine de la Capanaccia","description":"","publisher":{"@id":"https:\/\/www.domaine-de-la-capanaccia.com\/#organization"},"potentialAction":[{"@type":"SearchAction","target":{"@type":"EntryPoint","urlTemplate":"https:\/\/www.domaine-de-la-capanaccia.com\/?s={search_term_string}"},"query-input":{"@type":"PropertyValueSpecification","valueRequired":true,"valueName":"search_term_string"}}],"inLanguage":"es"},{"@type":"Organization","@id":"https:\/\/www.domaine-de-la-capanaccia.com\/#organization","name":"Domaine de la Capanaccia","url":"https:\/\/www.domaine-de-la-capanaccia.com\/","logo":{"@type":"ImageObject","inLanguage":"es","@id":"https:\/\/www.domaine-de-la-capanaccia.com\/#\/schema\/logo\/image\/","url":"https:\/\/www.domaine-de-la-capanaccia.com\/wp-content\/uploads\/2023\/06\/domaine-de-la-capanaccia-logotype.svg","contentUrl":"https:\/\/www.domaine-de-la-capanaccia.com\/wp-content\/uploads\/2023\/06\/domaine-de-la-capanaccia-logotype.svg","width":1,"height":1,"caption":"Domaine de la Capanaccia"},"image":{"@id":"https:\/\/www.domaine-de-la-capanaccia.com\/#\/schema\/logo\/image\/"}}]}},"_links":{"self":[{"href":"https:\/\/www.domaine-de-la-capanaccia.com\/es\/wp-json\/wp\/v2\/pages\/378","targetHints":{"allow":["GET"]}}],"collection":[{"href":"https:\/\/www.domaine-de-la-capanaccia.com\/es\/wp-json\/wp\/v2\/pages"}],"about":[{"href":"https:\/\/www.domaine-de-la-capanaccia.com\/es\/wp-json\/wp\/v2\/types\/page"}],"author":[{"embeddable":true,"href":"https:\/\/www.domaine-de-la-capanaccia.com\/es\/wp-json\/wp\/v2\/users\/2"}],"replies":[{"embeddable":true,"href":"https:\/\/www.domaine-de-la-capanaccia.com\/es\/wp-json\/wp\/v2\/comments?post=378"}],"version-history":[{"count":6,"href":"https:\/\/www.domaine-de-la-capanaccia.com\/es\/wp-json\/wp\/v2\/pages\/378\/revisions"}],"predecessor-version":[{"id":438,"href":"https:\/\/www.domaine-de-la-capanaccia.com\/es\/wp-json\/wp\/v2\/pages\/378\/revisions\/438"}],"wp:attachment":[{"href":"https:\/\/www.domaine-de-la-capanaccia.com\/es\/wp-json\/wp\/v2\/media?parent=378"}],"curies":[{"name":"wp","href":"https:\/\/api.w.org\/{rel}","templated":true}]}}