{"id":368,"date":"2023-06-12T10:14:11","date_gmt":"2023-06-12T08:14:11","guid":{"rendered":"https:\/\/www.domaine-de-la-capanaccia.com\/?page_id=368"},"modified":"2023-06-12T12:41:49","modified_gmt":"2023-06-12T10:41:49","slug":"mentions-legales","status":"publish","type":"page","link":"https:\/\/www.domaine-de-la-capanaccia.com\/de\/impressum\/","title":{"rendered":"Impressum"},"content":{"rendered":"<div data-elementor-type=\"wp-page\" data-elementor-id=\"368\" class=\"elementor elementor-368\" data-elementor-post-type=\"page\">\n\t\t\t\t\t\t<section class=\"elementor-section elementor-top-section elementor-element elementor-element-e379f6d elementor-section-boxed elementor-section-height-default elementor-section-height-default\" data-id=\"e379f6d\" data-element_type=\"section\" data-e-type=\"section\">\n\t\t\t\t\t\t<div class=\"elementor-container elementor-column-gap-wide\">\n\t\t\t\t\t<div class=\"elementor-column elementor-col-100 elementor-top-column elementor-element elementor-element-33165a1\" data-id=\"33165a1\" data-element_type=\"column\" data-e-type=\"column\">\n\t\t\t<div class=\"elementor-widget-wrap elementor-element-populated\">\n\t\t\t\t\t\t<div class=\"elementor-element elementor-element-5a5a037 elementor-widget elementor-widget-heading\" data-id=\"5a5a037\" data-element_type=\"widget\" data-e-type=\"widget\" data-widget_type=\"heading.default\">\n\t\t\t\t<div class=\"elementor-widget-container\">\n\t\t\t\t\t<h1 class=\"elementor-heading-title elementor-size-default\">Impressum<\/h1>\t\t\t\t<\/div>\n\t\t\t\t<\/div>\n\t\t\t\t<div class=\"elementor-element elementor-element-d944434 elementor-widget-divider--separator-type-pattern elementor-widget-divider--no-spacing elementor-widget-divider--view-line elementor-widget elementor-widget-divider\" data-id=\"d944434\" data-element_type=\"widget\" data-e-type=\"widget\" data-widget_type=\"divider.default\">\n\t\t\t\t<div class=\"elementor-widget-container\">\n\t\t\t\t\t\t\t<div class=\"elementor-divider\" style=\"--divider-pattern-url: url(&quot;data:image\/svg+xml,%3Csvg xmlns=&#039;http:\/\/www.w3.org\/2000\/svg&#039; preserveAspectRatio=&#039;xMidYMid meet&#039; overflow=&#039;visible&#039; height=&#039;100%&#039; viewBox=&#039;0 0 126 26&#039; fill=&#039;black&#039; stroke=&#039;none&#039;%3E%3Cpath d=&#039;M3,10.2c2.6,0,2.6,2,2.6,3.2S4.4,16.5,3,16.5s-3-1.4-3-3.2S0.4,10.2,3,10.2z M18.8,10.2c1.7,0,3.2,1.4,3.2,3.2s-1.4,3.2-3.2,3.2c-1.7,0-3.2-1.4-3.2-3.2S17,10.2,18.8,10.2z M34.6,10.2c1.5,0,2.6,1.4,2.6,3.2s-0.5,3.2-1.9,3.2c-1.5,0-3.4-1.4-3.4-3.2S33.1,10.2,34.6,10.2z M50.5,10.2c1.7,0,3.2,1.4,3.2,3.2s-1.4,3.2-3.2,3.2c-1.7,0-3.3-0.9-3.3-2.6S48.7,10.2,50.5,10.2z M66.2,10.2c1.5,0,3.4,1.4,3.4,3.2s-1.9,3.2-3.4,3.2c-1.5,0-2.6-0.4-2.6-2.1S64.8,10.2,66.2,10.2z M82.2,10.2c1.7,0.8,2.6,1.4,2.6,3.2s-0.1,3.2-1.6,3.2c-1.5,0-3.7-1.4-3.7-3.2S80.5,9.4,82.2,10.2zM98.6,10.2c1.5,0,2.6,0.4,2.6,2.1s-1.2,4.2-2.6,4.2c-1.5,0-3.7-0.4-3.7-2.1S97.1,10.2,98.6,10.2z M113.4,10.2c1.2,0,2.2,0.9,2.2,3.2s-0.1,3.2-1.3,3.2s-3.1-1.4-3.1-3.2S112.2,10.2,113.4,10.2z&#039;\/%3E%3C\/svg%3E&quot;);\">\n\t\t\t<span class=\"elementor-divider-separator\">\n\t\t\t\t\t\t<\/span>\n\t\t<\/div>\n\t\t\t\t\t\t<\/div>\n\t\t\t\t<\/div>\n\t\t\t\t<div class=\"elementor-element elementor-element-2de944c elementor-widget__width-initial elementor-widget elementor-widget-text-editor\" data-id=\"2de944c\" data-element_type=\"widget\" data-e-type=\"widget\" data-widget_type=\"text-editor.default\">\n\t\t\t\t<div class=\"elementor-widget-container\">\n\t\t\t\t\t\t\t\t\t<h2>1 \u2013 Pr\u00e4sentation der Website<\/h2>\n<p>Gem\u00e4\u00df Artikel 6 des Gesetzes Nr. 2004-575 vom 21. Juni 2004 \u00fcber das Vertrauen in die digitale Wirtschaft werden Benutzer der Website www.domaine-de-la-capanaccia.com \u00fcber die Identit\u00e4t verschiedener Interessengruppen im Rahmen ihrer informiert Umsetzung und \u00dcberwachung:<\/p>\n<p>Inhaber und Publikationsmanager: Marc Riedinger \u2013 11 Rue Daumier, 13008 Marseille, Frankreich \u2013 (contact[!at]domaine-de-la-capanaccia.com, +33 7 67 24 64 76)<\/p>\n<p>Gastgeber: OVHcloud \u2013 2 Rue Kellermann, 59053 Roubaix, Frankreich<\/p>\n<h2>2 \u2013 Allgemeine Nutzungsbedingungen der Website und der angebotenen Dienste<\/h2>\n<p>Die Nutzung der Website www.domaine-de-la-capanaccia.com setzt die uneingeschr\u00e4nkte Akzeptanz der nachstehend beschriebenen allgemeinen Nutzungsbedingungen voraus. Diese Nutzungsbedingungen k\u00f6nnen jederzeit ge\u00e4ndert oder erg\u00e4nzt werden. Benutzer der Website www.domaine-de-la-capanaccia.com werden daher gebeten, sie regelm\u00e4\u00dfig zu konsultieren.<\/p>\n<p>Diese Website ist f\u00fcr Benutzer grunds\u00e4tzlich jederzeit zug\u00e4nglich. Eine Unterbrechung aufgrund technischer Wartungsarbeiten kann jedoch von domaine-de-la-capanaccia.com beschlossen werden. Domaine-de-la-capanaccia.com wird sich dann bem\u00fchen, den Nutzern die Daten und Zeiten des Eingriffs vorab mitzuteilen.<\/p>\n<p>Die Website www.domaine-de-la-capanaccia.com wird regelm\u00e4\u00dfig von domaine-de-la-capanaccia.com aktualisiert. Ebenso k\u00f6nnen die rechtlichen Hinweise jederzeit ge\u00e4ndert werden: Sie dr\u00e4ngen sich dennoch auf den Benutzer auf, der aufgefordert wird, sie so oft wie m\u00f6glich zu konsultieren, um sich mit ihnen vertraut zu machen.<\/p>\n<h2>3 \u2013 Beschreibung der erbrachten Dienstleistungen<\/h2>\n<p>Der Zweck der Website www.domaine-de-la-capanaccia.com besteht darin, Informationen \u00fcber alle Aktivit\u00e4ten des Unternehmens bereitzustellen.<\/p>\n<p>domaine-de-la-capanaccia.com ist bestrebt, der Website www.domaine-de-la-capanaccia.com m\u00f6glichst genaue Informationen zur Verf\u00fcgung zu stellen. Sie kann jedoch nicht f\u00fcr Auslassungen, Ungenauigkeiten und M\u00e4ngel in der Aktualisierung verantwortlich gemacht werden, weder durch sie selbst noch durch die Drittpartner, die ihr diese Informationen zur Verf\u00fcgung stellen.<\/p>\n<p>Alle auf der Website www.domaine-de-la-capanaccia.com angegebenen Informationen sind Richtwerte und k\u00f6nnen sich weiterentwickeln. Dar\u00fcber hinaus erheben die Informationen auf der Website www.domaine-de-la-capanaccia.com keinen Anspruch auf Vollst\u00e4ndigkeit. \u00c4nderungen seit der Online-Ver\u00f6ffentlichung sind vorbehalten.<\/p>\n<h2>4 \u2013 Vertragliche Beschr\u00e4nkungen der technischen Daten<\/h2>\n<p>Die Website nutzt JavaScript-Technologie.<\/p>\n<p>Die Website kann nicht f\u00fcr materielle Sch\u00e4den im Zusammenhang mit der Nutzung der Website haftbar gemacht werden. Dar\u00fcber hinaus erkl\u00e4rt sich der Benutzer der Website damit einverstanden, mit modernsten Ger\u00e4ten, die keine Viren enthalten, und mit einem aktualisierten Browser der neuesten Generation auf die Website zuzugreifen.<\/p>\n<h2>5 \u2013 Geistiges Eigentum und F\u00e4lschungen<\/h2>\n<p>domaine-de-la-capanaccia.com ist Inhaber der geistigen Eigentumsrechte oder besitzt die Nutzungsrechte an allen auf der Website zug\u00e4nglichen Elementen, insbesondere an Texten, Bildern, Grafiken, Logos, Symbolen, Sounds und Software.<\/p>\n<p>Jegliche Vervielf\u00e4ltigung, Darstellung, \u00c4nderung, Ver\u00f6ffentlichung, Anpassung aller oder eines Teils der Elemente der Website, unabh\u00e4ngig von den verwendeten Mitteln oder Verfahren, ist ohne vorherige schriftliche Genehmigung von: domaine-de-la-capanaccia.com verboten.<\/p>\n<p>Jede unbefugte Nutzung der Website oder eines der darin enthaltenen Elemente wird als Versto\u00df angesehen und gem\u00e4\u00df den Bestimmungen der Artikel L.335-2 ff. des Gesetzes \u00fcber geistiges Eigentum verfolgt.<\/p>\n<h2>6 \u2013 Haftungsbeschr\u00e4nkung<\/h2>\n<p>domaine-de-la-capanaccia.com kann nicht f\u00fcr direkte oder indirekte Sch\u00e4den haftbar gemacht werden, die an der Ausr\u00fcstung des Benutzers beim Zugriff auf die Website www.domaine-de-la-capanaccia.com entstehen und sich aus der Verwendung von Ger\u00e4ten ergeben, die dies nicht tun die in Punkt 4 genannten Spezifikationen erf\u00fcllen, entweder das Auftreten eines Fehlers oder eine Inkompatibilit\u00e4t.<\/p>\n<p>domaine-de-la-capanaccia.com kann auch nicht f\u00fcr Folgesch\u00e4den (wie Marktverlust oder entgangene Chancen) haftbar gemacht werden, die sich aus der Nutzung der Website www.domaine-de-la-capanaccia.com ergeben.<\/p>\n<p>Den Benutzern stehen interaktive Bereiche (M\u00f6glichkeit, Fragen im Kontaktbereich zu stellen) zur Verf\u00fcgung. domaine-de-la-capanaccia.com beh\u00e4lt sich das Recht vor, ohne vorherige Ank\u00fcndigung alle in diesem Bereich ver\u00f6ffentlichten Inhalte zu l\u00f6schen, die gegen die in Frankreich geltenden Rechtsvorschriften, insbesondere die Bestimmungen zum Datenschutz, versto\u00dfen w\u00fcrden. Bei Bedarf beh\u00e4lt sich domaine-de-la-capanaccia.com au\u00dferdem das Recht vor, die zivil- und\/oder strafrechtliche Haftung des Nutzers in Frage zu stellen, insbesondere im Falle einer rassistischen, beleidigenden, verleumderischen oder pornografischen Nachricht, unabh\u00e4ngig vom verwendeten Medium ( Text, Foto usw.).<\/p>\n<h2>7 \u2013 Verwaltung personenbezogener Daten<\/h2>\n<p>In Frankreich sind personenbezogene Daten insbesondere durch das Gesetz Nr. 78-87 vom 6. Januar 1978, das Gesetz Nr. 2004-801 vom 6. August 2004, Artikel L. 226-13 des Strafgesetzbuchs und die europ\u00e4ische Richtlinie vom 24. Oktober gesch\u00fctzt , 1995.<\/p>\n<p>Bei der Nutzung der Website www.domaine-de-la-capanaccia.com kann Folgendes erfasst werden: die URL der Links, \u00fcber die der Benutzer auf die Website www.domaine-de-la-capanaccia.com zugegriffen hat, der Zugriffsanbieter des Benutzers , die Internet Protocol (IP)-Adresse des Benutzers.<\/p>\n<p>In jedem Fall sammelt domaine-de-la-capanaccia.com personenbezogene Daten des Nutzers nur zum Zweck bestimmter auf der Website www.domaine-de-la-capanaccia.com angebotener Dienste. Der Nutzer macht diese Angaben in voller Kenntnis der Sachlage, insbesondere wenn er sie selbst eingibt. Dem Benutzer der Website www.domaine-de-la-capanaccia.com wird dann mitgeteilt, ob er verpflichtet ist, diese Informationen bereitzustellen oder nicht.<\/p>\n<p>Gem\u00e4\u00df den Bestimmungen der Artikel 38 ff. des Gesetzes 78-17 vom 6. Januar 1978 \u00fcber Datenverarbeitung, Dateien und Freiheiten haben alle Benutzer ein Recht auf Zugang, Berichtigung und Widerspruch zu den sie betreffenden personenbezogenen Daten, indem sie ihre eigenen Daten angeben schriftlicher und unterschriebener Antrag, zusammen mit einer Kopie des Ausweisdokuments mit Unterschrift des Inhabers des Dokuments, unter Angabe der Adresse, an die die Antwort gesendet werden muss.<\/p>\n<p>Keine pers\u00f6nlichen Daten des Benutzers der Website www.domaine-de-la-capanaccia.com werden ohne Wissen des Benutzers ver\u00f6ffentlicht, ausgetauscht, \u00fcbertragen, abgetreten oder auf irgendeinem Medium an Dritte verkauft. Nur die Hypothese des Kaufs von domaine-de-la-capanaccia.com und seiner Rechte w\u00fcrde die \u00dcbermittlung dieser Informationen an den potenziellen K\u00e4ufer erm\u00f6glichen, der wiederum an die gleiche Verpflichtung zur Speicherung und \u00c4nderung von Daten in Bezug auf vis gebunden w\u00e4re der Benutzer der Website www.domaine-de-la-capanaccia.com.<\/p>\n<p>Die Datenbanken sind durch die Bestimmungen des Gesetzes vom 1. Juli 1998 zur Umsetzung der Richtlinie 96\/9 vom 11. M\u00e4rz 1996 \u00fcber den rechtlichen Schutz von Datenbanken gesch\u00fctzt.<\/p>\n<h2>8 \u2013 Hypertext-Links und Cookies<\/h2>\n<p>Die Website www.domaine-de-la-capanaccia.com enth\u00e4lt eine Reihe von Hypertext-Links zu anderen Websites, die mit Genehmigung von domaine-de-la-capanaccia.com eingerichtet wurden. Domaine-de-la-capanaccia.com hat jedoch keine M\u00f6glichkeit, den Inhalt der so besuchten Websites zu \u00fcberpr\u00fcfen, und \u00fcbernimmt daher keine Verantwortung f\u00fcr diesen Umstand.<\/p>\n<p>Das Surfen auf der Website www.domaine-de-la-capanaccia.com kann zur Installation von Cookies auf dem Computer des Benutzers f\u00fchren. Ein Cookie ist eine kleine Datei, die keine Identifizierung des Benutzers erm\u00f6glicht, aber Informationen \u00fcber die Navigation eines Computers auf einer Website aufzeichnet. Die so gewonnenen Daten sollen die sp\u00e4tere Navigation auf der Website erleichtern und zudem verschiedene Besucherzahlen erm\u00f6glichen.<\/p>\n<p>Die Verweigerung der Installation eines Cookies kann dazu f\u00fchren, dass der Zugriff auf bestimmte Dienste nicht m\u00f6glich ist. Der Nutzer kann seinen Computer jedoch wie folgt konfigurieren, um die Installation von Cookies abzulehnen:<\/p>\n<p>Unter Internet Explorer: Registerkarte \u201eWerkzeuge\u201c (Piktogramm in Form eines Zahnrads oben rechts) \/ Internetoptionen. Klicken Sie auf Datenschutz und w\u00e4hlen Sie Alle Cookies blockieren. Best\u00e4tigen Sie auf Ok.<\/p>\n<p>Unter Firefox: Klicken Sie oben im Browserfenster auf die Firefox-Schaltfl\u00e4che und gehen Sie dann zur Registerkarte \u201eOptionen\u201c. Klicken Sie auf die Registerkarte Datenschutz. Legen Sie die Aufbewahrungsregeln auf Folgendes fest: Benutzerdefinierte Einstellungen f\u00fcr den Verlauf verwenden. Deaktivieren Sie es abschlie\u00dfend, um Cookies zu deaktivieren.<\/p>\n<p>Unter Safari: Klicken Sie oben rechts im Browser auf das Men\u00fcsymbol (symbolisiert durch ein Zahnrad). Einstellungen ausw\u00e4hlen. Klicken Sie auf Erweiterte Einstellungen anzeigen. Klicken Sie im Abschnitt \u201eDatenschutz\u201c auf Inhaltseinstellungen. Im Bereich \u201eCookies\u201c k\u00f6nnen Sie Cookies blockieren.<\/p>\n<p>In Chrome: Klicken Sie oben rechts im Browser auf das Men\u00fcsymbol (symbolisiert durch drei horizontale Linien). Einstellungen ausw\u00e4hlen. Klicken Sie auf Erweiterte Einstellungen anzeigen. Klicken Sie im Abschnitt \u201eDatenschutz\u201c auf \u201eEinstellungen\u201c. Im Reiter \u201eDatenschutz\u201c k\u00f6nnen Sie Cookies blockieren.<\/p>\n<h2>9 \u2013 Anwendbares Recht und Zust\u00e4ndigkeitszuweisung<\/h2>\n<p>F\u00fcr alle Streitigkeiten im Zusammenhang mit der Nutzung der Website www.domaine-de-la-capanaccia.com gilt franz\u00f6sisches Recht. Die ausschlie\u00dfliche Zust\u00e4ndigkeit liegt bei den zust\u00e4ndigen Gerichten von Marseille.<\/p>\n<h2>10 \u2013 Die wichtigsten betroffenen Gesetze<\/h2>\n<p>Gesetz Nr. 78-17 vom 6. Januar 1978, insbesondere ge\u00e4ndert durch das Gesetz Nr. 2004-801 vom 6. August 2004 \u00fcber Datenverarbeitung, Dateien und Freiheiten.<\/p>\n<p>Gesetz Nr. 2004-575 vom 21. Juni 2004 f\u00fcr das Vertrauen in die digitale Wirtschaft.<\/p>\n<h2>11 \u2013 Glossar<\/h2>\n<p>Benutzer: Internetbenutzer, der \u00fcber die oben genannte Website eine Verbindung herstellt.<\/p>\n<p>Pers\u00f6nliche Daten: \u201eInformationen, die in irgendeiner Form direkt oder indirekt die Identifizierung der nat\u00fcrlichen Personen erm\u00f6glichen, auf die sie sich beziehen\u201c (Artikel 4 des Gesetzes Nr. 78-17 vom 6. Januar 1978).<\/p>\t\t\t\t\t\t\t\t<\/div>\n\t\t\t\t<\/div>\n\t\t\t\t\t<\/div>\n\t\t<\/div>\n\t\t\t\t\t<\/div>\n\t\t<\/section>\n\t\t\t\t<\/div>","protected":false},"excerpt":{"rendered":"<p>Mentions l\u00e9gales 1 \u2013 Pr\u00e9sentation du site En vertu de l\u2019article 6 de la loi n\u00b0 2004-575 du 21 juin 2004 pour la confiance dans l\u2019\u00e9conomie num\u00e9rique, il est pr\u00e9cis\u00e9 aux utilisateurs du site www.domaine-de-la-capanaccia.com l\u2019identit\u00e9 des diff\u00e9rents intervenants dans le cadre de sa r\u00e9alisation et de son suivi : Propri\u00e9taire et responsable de publication [&hellip;]<\/p>","protected":false},"author":2,"featured_media":0,"parent":0,"menu_order":0,"comment_status":"closed","ping_status":"closed","template":"elementor_header_footer","meta":{"footnotes":""},"class_list":["post-368","page","type-page","status-publish","hentry"],"yoast_head":"<!-- This site is optimized with the Yoast SEO plugin v27.4 - https:\/\/yoast.com\/product\/yoast-seo-wordpress\/ -->\n<title>Mentions l\u00e9gales - Domaine de la Capanaccia<\/title>\n<meta name=\"robots\" content=\"noindex, follow\" \/>\n<meta property=\"og:locale\" content=\"de_DE\" \/>\n<meta property=\"og:type\" content=\"article\" \/>\n<meta property=\"og:title\" content=\"Mentions l\u00e9gales - Domaine de la Capanaccia\" \/>\n<meta property=\"og:description\" content=\"Mentions l\u00e9gales 1 \u2013 Pr\u00e9sentation du site En vertu de l\u2019article 6 de la loi n\u00b0 2004-575 du 21 juin 2004 pour la confiance dans l\u2019\u00e9conomie num\u00e9rique, il est pr\u00e9cis\u00e9 aux utilisateurs du site www.domaine-de-la-capanaccia.com l\u2019identit\u00e9 des diff\u00e9rents intervenants dans le cadre de sa r\u00e9alisation et de son suivi : Propri\u00e9taire et responsable de publication [&hellip;]\" \/>\n<meta property=\"og:url\" content=\"https:\/\/www.domaine-de-la-capanaccia.com\/de\/impressum\/\" \/>\n<meta property=\"og:site_name\" content=\"Domaine de la Capanaccia\" \/>\n<meta property=\"article:modified_time\" content=\"2023-06-12T10:41:49+00:00\" \/>\n<meta property=\"og:image\" content=\"https:\/\/www.domaine-de-la-capanaccia.com\/wp-content\/uploads\/2023\/06\/domaine-de-la-capanaccia-thumbnail.jpg\" \/>\n\t<meta property=\"og:image:width\" content=\"1200\" \/>\n\t<meta property=\"og:image:height\" content=\"675\" \/>\n\t<meta property=\"og:image:type\" content=\"image\/jpeg\" \/>\n<meta name=\"twitter:card\" content=\"summary_large_image\" \/>\n<meta name=\"twitter:label1\" content=\"Gesch\u00e4tzte Lesezeit\" \/>\n\t<meta name=\"twitter:data1\" content=\"8\u00a0Minuten\" \/>\n<script type=\"application\/ld+json\" class=\"yoast-schema-graph\">{\"@context\":\"https:\\\/\\\/schema.org\",\"@graph\":[{\"@type\":\"WebPage\",\"@id\":\"https:\\\/\\\/www.domaine-de-la-capanaccia.com\\\/mentions-legales\\\/\",\"url\":\"https:\\\/\\\/www.domaine-de-la-capanaccia.com\\\/mentions-legales\\\/\",\"name\":\"Mentions l\u00e9gales - Domaine de la Capanaccia\",\"isPartOf\":{\"@id\":\"https:\\\/\\\/www.domaine-de-la-capanaccia.com\\\/#website\"},\"datePublished\":\"2023-06-12T08:14:11+00:00\",\"dateModified\":\"2023-06-12T10:41:49+00:00\",\"breadcrumb\":{\"@id\":\"https:\\\/\\\/www.domaine-de-la-capanaccia.com\\\/mentions-legales\\\/#breadcrumb\"},\"inLanguage\":\"de\",\"potentialAction\":[{\"@type\":\"ReadAction\",\"target\":[\"https:\\\/\\\/www.domaine-de-la-capanaccia.com\\\/mentions-legales\\\/\"]}]},{\"@type\":\"BreadcrumbList\",\"@id\":\"https:\\\/\\\/www.domaine-de-la-capanaccia.com\\\/mentions-legales\\\/#breadcrumb\",\"itemListElement\":[{\"@type\":\"ListItem\",\"position\":1,\"name\":\"Accueil\",\"item\":\"https:\\\/\\\/www.domaine-de-la-capanaccia.com\\\/\"},{\"@type\":\"ListItem\",\"position\":2,\"name\":\"Mentions l\u00e9gales\"}]},{\"@type\":\"WebSite\",\"@id\":\"https:\\\/\\\/www.domaine-de-la-capanaccia.com\\\/#website\",\"url\":\"https:\\\/\\\/www.domaine-de-la-capanaccia.com\\\/\",\"name\":\"Domaine de la Capanaccia\",\"description\":\"\",\"publisher\":{\"@id\":\"https:\\\/\\\/www.domaine-de-la-capanaccia.com\\\/#organization\"},\"potentialAction\":[{\"@type\":\"SearchAction\",\"target\":{\"@type\":\"EntryPoint\",\"urlTemplate\":\"https:\\\/\\\/www.domaine-de-la-capanaccia.com\\\/?s={search_term_string}\"},\"query-input\":{\"@type\":\"PropertyValueSpecification\",\"valueRequired\":true,\"valueName\":\"search_term_string\"}}],\"inLanguage\":\"de\"},{\"@type\":\"Organization\",\"@id\":\"https:\\\/\\\/www.domaine-de-la-capanaccia.com\\\/#organization\",\"name\":\"Domaine de la Capanaccia\",\"url\":\"https:\\\/\\\/www.domaine-de-la-capanaccia.com\\\/\",\"logo\":{\"@type\":\"ImageObject\",\"inLanguage\":\"de\",\"@id\":\"https:\\\/\\\/www.domaine-de-la-capanaccia.com\\\/#\\\/schema\\\/logo\\\/image\\\/\",\"url\":\"https:\\\/\\\/www.domaine-de-la-capanaccia.com\\\/wp-content\\\/uploads\\\/2023\\\/06\\\/domaine-de-la-capanaccia-logotype.svg\",\"contentUrl\":\"https:\\\/\\\/www.domaine-de-la-capanaccia.com\\\/wp-content\\\/uploads\\\/2023\\\/06\\\/domaine-de-la-capanaccia-logotype.svg\",\"width\":1,\"height\":1,\"caption\":\"Domaine de la Capanaccia\"},\"image\":{\"@id\":\"https:\\\/\\\/www.domaine-de-la-capanaccia.com\\\/#\\\/schema\\\/logo\\\/image\\\/\"}}]}<\/script>\n<!-- \/ Yoast SEO plugin. -->","yoast_head_json":{"title":"Mentions l\u00e9gales - Domaine de la Capanaccia","robots":{"index":"noindex","follow":"follow"},"og_locale":"de_DE","og_type":"article","og_title":"Mentions l\u00e9gales - Domaine de la Capanaccia","og_description":"Mentions l\u00e9gales 1 \u2013 Pr\u00e9sentation du site En vertu de l\u2019article 6 de la loi n\u00b0 2004-575 du 21 juin 2004 pour la confiance dans l\u2019\u00e9conomie num\u00e9rique, il est pr\u00e9cis\u00e9 aux utilisateurs du site www.domaine-de-la-capanaccia.com l\u2019identit\u00e9 des diff\u00e9rents intervenants dans le cadre de sa r\u00e9alisation et de son suivi : Propri\u00e9taire et responsable de publication [&hellip;]","og_url":"https:\/\/www.domaine-de-la-capanaccia.com\/de\/impressum\/","og_site_name":"Domaine de la Capanaccia","article_modified_time":"2023-06-12T10:41:49+00:00","og_image":[{"width":1200,"height":675,"url":"https:\/\/www.domaine-de-la-capanaccia.com\/wp-content\/uploads\/2023\/06\/domaine-de-la-capanaccia-thumbnail.jpg","type":"image\/jpeg"}],"twitter_card":"summary_large_image","twitter_misc":{"Gesch\u00e4tzte Lesezeit":"8\u00a0Minuten"},"schema":{"@context":"https:\/\/schema.org","@graph":[{"@type":"WebPage","@id":"https:\/\/www.domaine-de-la-capanaccia.com\/mentions-legales\/","url":"https:\/\/www.domaine-de-la-capanaccia.com\/mentions-legales\/","name":"Mentions l\u00e9gales - Domaine de la Capanaccia","isPartOf":{"@id":"https:\/\/www.domaine-de-la-capanaccia.com\/#website"},"datePublished":"2023-06-12T08:14:11+00:00","dateModified":"2023-06-12T10:41:49+00:00","breadcrumb":{"@id":"https:\/\/www.domaine-de-la-capanaccia.com\/mentions-legales\/#breadcrumb"},"inLanguage":"de","potentialAction":[{"@type":"ReadAction","target":["https:\/\/www.domaine-de-la-capanaccia.com\/mentions-legales\/"]}]},{"@type":"BreadcrumbList","@id":"https:\/\/www.domaine-de-la-capanaccia.com\/mentions-legales\/#breadcrumb","itemListElement":[{"@type":"ListItem","position":1,"name":"Accueil","item":"https:\/\/www.domaine-de-la-capanaccia.com\/"},{"@type":"ListItem","position":2,"name":"Mentions l\u00e9gales"}]},{"@type":"WebSite","@id":"https:\/\/www.domaine-de-la-capanaccia.com\/#website","url":"https:\/\/www.domaine-de-la-capanaccia.com\/","name":"Domaine de la Capanaccia","description":"","publisher":{"@id":"https:\/\/www.domaine-de-la-capanaccia.com\/#organization"},"potentialAction":[{"@type":"SearchAction","target":{"@type":"EntryPoint","urlTemplate":"https:\/\/www.domaine-de-la-capanaccia.com\/?s={search_term_string}"},"query-input":{"@type":"PropertyValueSpecification","valueRequired":true,"valueName":"search_term_string"}}],"inLanguage":"de"},{"@type":"Organization","@id":"https:\/\/www.domaine-de-la-capanaccia.com\/#organization","name":"Domaine de la Capanaccia","url":"https:\/\/www.domaine-de-la-capanaccia.com\/","logo":{"@type":"ImageObject","inLanguage":"de","@id":"https:\/\/www.domaine-de-la-capanaccia.com\/#\/schema\/logo\/image\/","url":"https:\/\/www.domaine-de-la-capanaccia.com\/wp-content\/uploads\/2023\/06\/domaine-de-la-capanaccia-logotype.svg","contentUrl":"https:\/\/www.domaine-de-la-capanaccia.com\/wp-content\/uploads\/2023\/06\/domaine-de-la-capanaccia-logotype.svg","width":1,"height":1,"caption":"Domaine de la Capanaccia"},"image":{"@id":"https:\/\/www.domaine-de-la-capanaccia.com\/#\/schema\/logo\/image\/"}}]}},"_links":{"self":[{"href":"https:\/\/www.domaine-de-la-capanaccia.com\/de\/wp-json\/wp\/v2\/pages\/368","targetHints":{"allow":["GET"]}}],"collection":[{"href":"https:\/\/www.domaine-de-la-capanaccia.com\/de\/wp-json\/wp\/v2\/pages"}],"about":[{"href":"https:\/\/www.domaine-de-la-capanaccia.com\/de\/wp-json\/wp\/v2\/types\/page"}],"author":[{"embeddable":true,"href":"https:\/\/www.domaine-de-la-capanaccia.com\/de\/wp-json\/wp\/v2\/users\/2"}],"replies":[{"embeddable":true,"href":"https:\/\/www.domaine-de-la-capanaccia.com\/de\/wp-json\/wp\/v2\/comments?post=368"}],"version-history":[{"count":8,"href":"https:\/\/www.domaine-de-la-capanaccia.com\/de\/wp-json\/wp\/v2\/pages\/368\/revisions"}],"predecessor-version":[{"id":442,"href":"https:\/\/www.domaine-de-la-capanaccia.com\/de\/wp-json\/wp\/v2\/pages\/368\/revisions\/442"}],"wp:attachment":[{"href":"https:\/\/www.domaine-de-la-capanaccia.com\/de\/wp-json\/wp\/v2\/media?parent=368"}],"curies":[{"name":"wp","href":"https:\/\/api.w.org\/{rel}","templated":true}]}}